{"id":18,"date":"2016-02-16T19:55:16","date_gmt":"2016-02-16T18:55:16","guid":{"rendered":"http:\/\/sumfleth-buxtehude.pfweb.eu\/?page_id=18"},"modified":"2025-03-16T15:30:50","modified_gmt":"2025-03-16T14:30:50","slug":"familienforschung","status":"publish","type":"page","link":"https:\/\/web68688.ssd-space.de\/sumfleth-buxtehude\/","title":{"rendered":""},"content":{"rendered":"<h1 style=\"text-align: left;\"><a href=\"https:\/\/web68688.ssd-space.de\/sumfleth-buxtehude\/wp-content\/uploads\/2019\/12\/Hauke.jpg\"><img loading=\"lazy\" decoding=\"async\" class=\"alignright wp-image-671 \" src=\"https:\/\/web68688.ssd-space.de\/sumfleth-buxtehude\/wp-content\/uploads\/2019\/12\/Hauke-300x286.jpg\" alt=\"\" width=\"221\" height=\"210\" srcset=\"https:\/\/web68688.ssd-space.de\/sumfleth-buxtehude\/wp-content\/uploads\/2019\/12\/Hauke-300x286.jpg 300w, https:\/\/web68688.ssd-space.de\/sumfleth-buxtehude\/wp-content\/uploads\/2019\/12\/Hauke.jpg 500w\" sizes=\"auto, (max-width: 221px) 100vw, 221px\" \/><\/a><a href=\"https:\/\/web68688.ssd-space.de\/sumfleth-buxtehude\/wp-content\/uploads\/2016\/02\/cropped-Familienwappen_3-1-e1565374581854.jpg\"><img loading=\"lazy\" decoding=\"async\" class=\"alignleft wp-image-557 size-full\" src=\"https:\/\/web68688.ssd-space.de\/sumfleth-buxtehude\/wp-content\/uploads\/2016\/02\/cropped-Familienwappen_3-1-e1565374581854.jpg\" alt=\"Familienwappen Somfleth\/\/Sumfleth\" width=\"190\" height=\"190\" srcset=\"https:\/\/web68688.ssd-space.de\/sumfleth-buxtehude\/wp-content\/uploads\/2016\/02\/cropped-Familienwappen_3-1-e1565374581854.jpg 190w, https:\/\/web68688.ssd-space.de\/sumfleth-buxtehude\/wp-content\/uploads\/2016\/02\/cropped-Familienwappen_3-1-e1565374581854-150x150.jpg 150w\" sizes=\"auto, (max-width: 190px) 100vw, 190px\" \/><\/a>Willkommen auf den Seiten<br \/>\nzur Ahnenforschung<br \/>\nFamilie Sumfleth in Buxtehude<\/h1>\n<h2 style=\"text-align: left;\"><strong><a href=\"https:\/\/web68688.ssd-space.de\/sumfleth-buxtehude\/familienforschung\/ahnentafel\/\">Familienforschung<\/a><\/strong> und <a href=\"https:\/\/sumflethbuxtehude.wordpress.com\/\"><strong>mehr<\/strong><\/a><\/h2>\n<p>Dieser Internetauftritt gibt einen \u00dcberblick meiner Hobbies als Hompage-Gestaltung , bzw. soll Anregung f\u00fcr Mitmenschen geben, die die gleichen Interessen haben.<\/p>\n<p>Die Tipps erheben nicht den Anspruch auf Vollst\u00e4ndigkeit, sondern beinhalten nur die Features, die ich selber nutze (eine \u00dcbersicht aller M\u00f6glichkeiten w\u00fcrde den Rahmen dieser Website sprengen &#8211; eine Auswahl enth\u00e4lt die Liste weiterf\u00fchrender Links).<\/p>\n<div class=\"shariff shariff-align-center shariff-widget-align-center\" data-services=\"facebook\" data-url=\"https%3A%2F%2Fweb68688.ssd-space.de%2Fsumfleth-buxtehude%2F\" data-timestamp=\"1742139050\" data-backendurl=\"https:\/\/web68688.ssd-space.de\/sumfleth-buxtehude\/wp-json\/shariff\/v1\/share_counts?\"><ul class=\"shariff-buttons theme-grey orientation-horizontal buttonsize-small\"><li class=\"shariff-button mastodon shariff-nocustomcolor\" style=\"background-color:#563ACC\"><a href=\"https:\/\/s2f.kytta.dev\/?text= https%3A%2F%2Fweb68688.ssd-space.de%2Fsumfleth-buxtehude%2F\" title=\"Bei Mastodon teilen\" aria-label=\"Bei Mastodon teilen\" role=\"button\" rel=\"noopener nofollow\" class=\"shariff-link\" style=\"; background-color:#6364FF; color:#fff\" target=\"_blank\"><span class=\"shariff-icon\" style=\"\"><svg width=\"75\" height=\"79\" viewBox=\"0 0 75 79\" fill=\"none\" xmlns=\"http:\/\/www.w3.org\/2000\/svg\"><path d=\"M37.813-.025C32.462-.058 27.114.13 21.79.598c-8.544.621-17.214 5.58-20.203 13.931C-1.12 23.318.408 32.622.465 41.65c.375 7.316.943 14.78 3.392 21.73 4.365 9.465 14.781 14.537 24.782 15.385 7.64.698 15.761-.213 22.517-4.026a54.1 54.1 0 0 0 .01-6.232c-6.855 1.316-14.101 2.609-21.049 1.074-3.883-.88-6.876-4.237-7.25-8.215-1.53-3.988 3.78-.43 5.584-.883 9.048 1.224 18.282.776 27.303-.462 7.044-.837 14.26-4.788 16.65-11.833 2.263-6.135 1.215-12.79 1.698-19.177.06-3.84.09-7.692-.262-11.52C72.596 7.844 63.223.981 53.834.684a219.453 219.453 0 0 0-16.022-.71zm11.294 12.882c5.5-.067 10.801 4.143 11.67 9.653.338 1.48.471 3 .471 4.515v21.088h-8.357c-.07-7.588.153-15.182-.131-22.765-.587-4.368-7.04-5.747-9.672-2.397-2.422 3.04-1.47 7.155-1.67 10.735v6.392h-8.307c-.146-4.996.359-10.045-.404-15.002-1.108-4.218-7.809-5.565-10.094-1.666-1.685 3.046-.712 6.634-.976 9.936v14.767h-8.354c.109-8.165-.238-16.344.215-24.5.674-5.346 5.095-10.389 10.676-10.627 4.902-.739 10.103 2.038 12.053 6.631.375 1.435 1.76 1.932 1.994.084 1.844-3.704 5.501-6.739 9.785-6.771.367-.044.735-.068 1.101-.073z\"\/><defs><linearGradient id=\"paint0_linear_549_34\" x1=\"37.0692\" y1=\"0\" x2=\"37.0692\" y2=\"79\" gradientUnits=\"userSpaceOnUse\"><stop stop-color=\"#6364FF\"\/><stop offset=\"1\" stop-color=\"#563ACC\"\/><\/linearGradient><\/defs><\/svg><\/span><span class=\"shariff-text\">teilen<\/span>&nbsp;<\/a><\/li><li class=\"shariff-button facebook shariff-nocustomcolor\" style=\"background-color:#4273c8\"><a href=\"https:\/\/www.facebook.com\/sharer\/sharer.php?u=https%3A%2F%2Fweb68688.ssd-space.de%2Fsumfleth-buxtehude%2F\" title=\"Bei Facebook teilen\" aria-label=\"Bei Facebook teilen\" role=\"button\" rel=\"nofollow\" class=\"shariff-link\" style=\"; background-color:#3b5998; color:#fff\" target=\"_blank\"><span class=\"shariff-icon\" style=\"\"><svg width=\"32px\" height=\"20px\" xmlns=\"http:\/\/www.w3.org\/2000\/svg\" viewBox=\"0 0 18 32\"><path fill=\"#3b5998\" d=\"M17.1 0.2v4.7h-2.8q-1.5 0-2.1 0.6t-0.5 1.9v3.4h5.2l-0.7 5.3h-4.5v13.6h-5.5v-13.6h-4.5v-5.3h4.5v-3.9q0-3.3 1.9-5.2t5-1.8q2.6 0 4.1 0.2z\"\/><\/svg><\/span><span class=\"shariff-text\">teilen<\/span>&nbsp;<span data-service=\"facebook\" style=\"color:#3b5998\" class=\"shariff-count shariff-hidezero\"><\/span>&nbsp;<\/a><\/li><li class=\"shariff-button linkedin shariff-nocustomcolor\" style=\"background-color:#1488bf\"><a href=\"https:\/\/www.linkedin.com\/sharing\/share-offsite\/?url=https%3A%2F%2Fweb68688.ssd-space.de%2Fsumfleth-buxtehude%2F\" title=\"Bei LinkedIn teilen\" aria-label=\"Bei LinkedIn teilen\" role=\"button\" rel=\"noopener nofollow\" class=\"shariff-link\" style=\"; background-color:#0077b5; color:#fff\" target=\"_blank\"><span class=\"shariff-icon\" style=\"\"><svg width=\"32px\" height=\"20px\" xmlns=\"http:\/\/www.w3.org\/2000\/svg\" viewBox=\"0 0 27 32\"><path fill=\"#0077b5\" d=\"M6.2 11.2v17.7h-5.9v-17.7h5.9zM6.6 5.7q0 1.3-0.9 2.2t-2.4 0.9h0q-1.5 0-2.4-0.9t-0.9-2.2 0.9-2.2 2.4-0.9 2.4 0.9 0.9 2.2zM27.4 18.7v10.1h-5.9v-9.5q0-1.9-0.7-2.9t-2.3-1.1q-1.1 0-1.9 0.6t-1.2 1.5q-0.2 0.5-0.2 1.4v9.9h-5.9q0-7.1 0-11.6t0-5.3l0-0.9h5.9v2.6h0q0.4-0.6 0.7-1t1-0.9 1.6-0.8 2-0.3q3 0 4.9 2t1.9 6z\"\/><\/svg><\/span><span class=\"shariff-text\">teilen<\/span>&nbsp;<\/a><\/li><li class=\"shariff-button info shariff-nocustomcolor\" style=\"background-color:#a8a8a8\"><a href=\"http:\/\/ct.de\/-2467514\" title=\"Weitere Informationen\" aria-label=\"Weitere Informationen\" role=\"button\" rel=\"noopener \" class=\"shariff-link\" style=\"; background-color:#999; color:#fff\" target=\"_blank\"><span class=\"shariff-icon\" style=\"\"><svg width=\"32px\" height=\"20px\" xmlns=\"http:\/\/www.w3.org\/2000\/svg\" viewBox=\"0 0 11 32\"><path fill=\"#999\" d=\"M11.4 24v2.3q0 0.5-0.3 0.8t-0.8 0.4h-9.1q-0.5 0-0.8-0.4t-0.4-0.8v-2.3q0-0.5 0.4-0.8t0.8-0.4h1.1v-6.8h-1.1q-0.5 0-0.8-0.4t-0.4-0.8v-2.3q0-0.5 0.4-0.8t0.8-0.4h6.8q0.5 0 0.8 0.4t0.4 0.8v10.3h1.1q0.5 0 0.8 0.4t0.3 0.8zM9.2 3.4v3.4q0 0.5-0.4 0.8t-0.8 0.4h-4.6q-0.4 0-0.8-0.4t-0.4-0.8v-3.4q0-0.4 0.4-0.8t0.8-0.4h4.6q0.5 0 0.8 0.4t0.4 0.8z\"\/><\/svg><\/span><\/a><\/li><\/ul><\/div>","protected":false},"excerpt":{"rendered":"<p>Willkommen auf den Seiten zur Ahnenforschung Familie Sumfleth in Buxtehude Familienforschung und mehr Dieser Internetauftritt gibt einen \u00dcberblick meiner Hobbies als Hompage-Gestaltung , bzw. soll Anregung f\u00fcr Mitmenschen geben, die die gleichen Interessen haben. Die Tipps erheben nicht den Anspruch auf Vollst\u00e4ndigkeit, sondern beinhalten nur die Features, die ich selber nutze (eine \u00dcbersicht aller M\u00f6glichkeiten&hellip; <a href=\"https:\/\/web68688.ssd-space.de\/sumfleth-buxtehude\/\" class=\"more-link\">Weiterlesen <span class=\"screen-reader-text\"><\/span><\/a><\/p>\n","protected":false},"author":1,"featured_media":0,"parent":0,"menu_order":0,"comment_status":"closed","ping_status":"closed","template":"","meta":{"footnotes":""},"class_list":["post-18","page","type-page","status-publish","hentry","without-featured-image"],"yoast_head":"<!-- This site is optimized with the Yoast SEO plugin v27.3 - https:\/\/yoast.com\/product\/yoast-seo-wordpress\/ -->\n<title>- Sumfleth - Buxtehude<\/title>\n<meta name=\"description\" content=\"Dieser Internetauftritt gibt einen \u00dcberblick meiner Hobbies (Familenforschung - Radwandern - Chorsingen) als Hompage-Gestaltung.\" \/>\n<meta name=\"robots\" content=\"index, follow, max-snippet:-1, max-image-preview:large, max-video-preview:-1\" \/>\n<link rel=\"canonical\" href=\"https:\/\/web68688.ssd-space.de\/sumfleth-buxtehude\/\" \/>\n<meta property=\"og:locale\" content=\"de_DE\" \/>\n<meta property=\"og:type\" content=\"article\" \/>\n<meta property=\"og:title\" content=\"- Sumfleth - Buxtehude\" \/>\n<meta property=\"og:description\" content=\"Dieser Internetauftritt gibt einen \u00dcberblick meiner Hobbies (Familenforschung - Radwandern - Chorsingen) als Hompage-Gestaltung.\" \/>\n<meta property=\"og:url\" content=\"https:\/\/web68688.ssd-space.de\/sumfleth-buxtehude\/\" \/>\n<meta property=\"og:site_name\" content=\"Sumfleth - Buxtehude\" \/>\n<meta property=\"article:modified_time\" content=\"2025-03-16T14:30:50+00:00\" \/>\n<meta property=\"og:image\" content=\"https:\/\/web68688.ssd-space.de\/sumfleth-buxtehude\/wp-content\/uploads\/2019\/12\/Hauke.jpg\" \/>\n\t<meta property=\"og:image:width\" content=\"500\" \/>\n\t<meta property=\"og:image:height\" content=\"476\" \/>\n\t<meta property=\"og:image:type\" content=\"image\/jpeg\" \/>\n<meta name=\"twitter:card\" content=\"summary_large_image\" \/>\n<meta name=\"twitter:label1\" content=\"Gesch\u00e4tzte Lesezeit\" \/>\n\t<meta name=\"twitter:data1\" content=\"1\u00a0Minute\" \/>\n<script type=\"application\/ld+json\" class=\"yoast-schema-graph\">{\"@context\":\"https:\\\/\\\/schema.org\",\"@graph\":[{\"@type\":\"WebPage\",\"@id\":\"https:\\\/\\\/web68688.ssd-space.de\\\/sumfleth-buxtehude\\\/\",\"url\":\"https:\\\/\\\/web68688.ssd-space.de\\\/sumfleth-buxtehude\\\/\",\"name\":\"- Sumfleth - Buxtehude\",\"isPartOf\":{\"@id\":\"https:\\\/\\\/web68688.ssd-space.de\\\/sumfleth-buxtehude\\\/#website\"},\"primaryImageOfPage\":{\"@id\":\"https:\\\/\\\/web68688.ssd-space.de\\\/sumfleth-buxtehude\\\/#primaryimage\"},\"image\":{\"@id\":\"https:\\\/\\\/web68688.ssd-space.de\\\/sumfleth-buxtehude\\\/#primaryimage\"},\"thumbnailUrl\":\"https:\\\/\\\/web68688.ssd-space.de\\\/sumfleth-buxtehude\\\/wp-content\\\/uploads\\\/2019\\\/12\\\/Hauke-300x286.jpg\",\"datePublished\":\"2016-02-16T18:55:16+00:00\",\"dateModified\":\"2025-03-16T14:30:50+00:00\",\"description\":\"Dieser Internetauftritt gibt einen \u00dcberblick meiner Hobbies (Familenforschung - Radwandern - Chorsingen) als Hompage-Gestaltung.\",\"inLanguage\":\"de\",\"potentialAction\":[{\"@type\":\"ReadAction\",\"target\":[\"https:\\\/\\\/web68688.ssd-space.de\\\/sumfleth-buxtehude\\\/\"]}]},{\"@type\":\"ImageObject\",\"inLanguage\":\"de\",\"@id\":\"https:\\\/\\\/web68688.ssd-space.de\\\/sumfleth-buxtehude\\\/#primaryimage\",\"url\":\"https:\\\/\\\/web68688.ssd-space.de\\\/sumfleth-buxtehude\\\/wp-content\\\/uploads\\\/2019\\\/12\\\/Hauke.jpg\",\"contentUrl\":\"https:\\\/\\\/web68688.ssd-space.de\\\/sumfleth-buxtehude\\\/wp-content\\\/uploads\\\/2019\\\/12\\\/Hauke.jpg\",\"width\":500,\"height\":476},{\"@type\":\"WebSite\",\"@id\":\"https:\\\/\\\/web68688.ssd-space.de\\\/sumfleth-buxtehude\\\/#website\",\"url\":\"https:\\\/\\\/web68688.ssd-space.de\\\/sumfleth-buxtehude\\\/\",\"name\":\"Sumfleth - Buxtehude\",\"description\":\"Familienforschung und mehr\",\"potentialAction\":[{\"@type\":\"SearchAction\",\"target\":{\"@type\":\"EntryPoint\",\"urlTemplate\":\"https:\\\/\\\/web68688.ssd-space.de\\\/sumfleth-buxtehude\\\/?s={search_term_string}\"},\"query-input\":{\"@type\":\"PropertyValueSpecification\",\"valueRequired\":true,\"valueName\":\"search_term_string\"}}],\"inLanguage\":\"de\"}]}<\/script>\n<!-- \/ Yoast SEO plugin. -->","yoast_head_json":{"title":"- Sumfleth - Buxtehude","description":"Dieser Internetauftritt gibt einen \u00dcberblick meiner Hobbies (Familenforschung - Radwandern - Chorsingen) als Hompage-Gestaltung.","robots":{"index":"index","follow":"follow","max-snippet":"max-snippet:-1","max-image-preview":"max-image-preview:large","max-video-preview":"max-video-preview:-1"},"canonical":"https:\/\/web68688.ssd-space.de\/sumfleth-buxtehude\/","og_locale":"de_DE","og_type":"article","og_title":"- Sumfleth - Buxtehude","og_description":"Dieser Internetauftritt gibt einen \u00dcberblick meiner Hobbies (Familenforschung - Radwandern - Chorsingen) als Hompage-Gestaltung.","og_url":"https:\/\/web68688.ssd-space.de\/sumfleth-buxtehude\/","og_site_name":"Sumfleth - Buxtehude","article_modified_time":"2025-03-16T14:30:50+00:00","og_image":[{"width":500,"height":476,"url":"https:\/\/web68688.ssd-space.de\/sumfleth-buxtehude\/wp-content\/uploads\/2019\/12\/Hauke.jpg","type":"image\/jpeg"}],"twitter_card":"summary_large_image","twitter_misc":{"Gesch\u00e4tzte Lesezeit":"1\u00a0Minute"},"schema":{"@context":"https:\/\/schema.org","@graph":[{"@type":"WebPage","@id":"https:\/\/web68688.ssd-space.de\/sumfleth-buxtehude\/","url":"https:\/\/web68688.ssd-space.de\/sumfleth-buxtehude\/","name":"- Sumfleth - Buxtehude","isPartOf":{"@id":"https:\/\/web68688.ssd-space.de\/sumfleth-buxtehude\/#website"},"primaryImageOfPage":{"@id":"https:\/\/web68688.ssd-space.de\/sumfleth-buxtehude\/#primaryimage"},"image":{"@id":"https:\/\/web68688.ssd-space.de\/sumfleth-buxtehude\/#primaryimage"},"thumbnailUrl":"https:\/\/web68688.ssd-space.de\/sumfleth-buxtehude\/wp-content\/uploads\/2019\/12\/Hauke-300x286.jpg","datePublished":"2016-02-16T18:55:16+00:00","dateModified":"2025-03-16T14:30:50+00:00","description":"Dieser Internetauftritt gibt einen \u00dcberblick meiner Hobbies (Familenforschung - Radwandern - Chorsingen) als Hompage-Gestaltung.","inLanguage":"de","potentialAction":[{"@type":"ReadAction","target":["https:\/\/web68688.ssd-space.de\/sumfleth-buxtehude\/"]}]},{"@type":"ImageObject","inLanguage":"de","@id":"https:\/\/web68688.ssd-space.de\/sumfleth-buxtehude\/#primaryimage","url":"https:\/\/web68688.ssd-space.de\/sumfleth-buxtehude\/wp-content\/uploads\/2019\/12\/Hauke.jpg","contentUrl":"https:\/\/web68688.ssd-space.de\/sumfleth-buxtehude\/wp-content\/uploads\/2019\/12\/Hauke.jpg","width":500,"height":476},{"@type":"WebSite","@id":"https:\/\/web68688.ssd-space.de\/sumfleth-buxtehude\/#website","url":"https:\/\/web68688.ssd-space.de\/sumfleth-buxtehude\/","name":"Sumfleth - Buxtehude","description":"Familienforschung und mehr","potentialAction":[{"@type":"SearchAction","target":{"@type":"EntryPoint","urlTemplate":"https:\/\/web68688.ssd-space.de\/sumfleth-buxtehude\/?s={search_term_string}"},"query-input":{"@type":"PropertyValueSpecification","valueRequired":true,"valueName":"search_term_string"}}],"inLanguage":"de"}]}},"_links":{"self":[{"href":"https:\/\/web68688.ssd-space.de\/sumfleth-buxtehude\/wp-json\/wp\/v2\/pages\/18","targetHints":{"allow":["GET"]}}],"collection":[{"href":"https:\/\/web68688.ssd-space.de\/sumfleth-buxtehude\/wp-json\/wp\/v2\/pages"}],"about":[{"href":"https:\/\/web68688.ssd-space.de\/sumfleth-buxtehude\/wp-json\/wp\/v2\/types\/page"}],"author":[{"embeddable":true,"href":"https:\/\/web68688.ssd-space.de\/sumfleth-buxtehude\/wp-json\/wp\/v2\/users\/1"}],"replies":[{"embeddable":true,"href":"https:\/\/web68688.ssd-space.de\/sumfleth-buxtehude\/wp-json\/wp\/v2\/comments?post=18"}],"version-history":[{"count":26,"href":"https:\/\/web68688.ssd-space.de\/sumfleth-buxtehude\/wp-json\/wp\/v2\/pages\/18\/revisions"}],"predecessor-version":[{"id":770,"href":"https:\/\/web68688.ssd-space.de\/sumfleth-buxtehude\/wp-json\/wp\/v2\/pages\/18\/revisions\/770"}],"wp:attachment":[{"href":"https:\/\/web68688.ssd-space.de\/sumfleth-buxtehude\/wp-json\/wp\/v2\/media?parent=18"}],"curies":[{"name":"wp","href":"https:\/\/api.w.org\/{rel}","templated":true}]}}