{"id":2931,"date":"2021-02-14T17:36:35","date_gmt":"2021-02-14T16:36:35","guid":{"rendered":"https:\/\/gospelvoices-buxtehude.pfweb.eu\/wp\/?page_id=2931"},"modified":"2021-02-14T17:37:47","modified_gmt":"2021-02-14T16:37:47","slug":"dies-und-das","status":"publish","type":"page","link":"https:\/\/web68688.ssd-space.de\/gospelvoices-buxtehude.pfweb.eu\/dies-und-das\/","title":{"rendered":"Dies und das"},"content":{"rendered":"<p>Orte unseres Wirkens \/ n\u00fctzliche Links<\/p>\n<ul class=\"simple-links-list\" ><li class=\"simple-links-item simple-links-shortcode-item\" id=\"link-2934\"><a href=\"https:\/\/www.facebook.com\/AfrikaZentrumHH\" title=\"\" target=\"_blank\" >Afrikanisches Zentrum Borgfelde<\/a><\/li><li class=\"simple-links-item simple-links-shortcode-item\" id=\"link-2938\"><a href=\"https:\/\/completevocal.institute\/\" title=\"Das Complete Vocal Institute unter der Leitung von Catherine Sadolin in Kopenhagen\" target=\"_blank\" >Complete Vocal Technique<\/a>- <span class=\"link-description\">Das Complete Vocal Institute unter der Leitung von Catherine Sadolin in Kopenhagen<\/span><\/li><li class=\"simple-links-item simple-links-shortcode-item\" id=\"link-2942\"><a href=\"http:\/\/www.st-marien-neukloster.de\/\" title=\"\" target=\"_blank\" >Ev.-luth. Kirchengemeinde St. Marien Neukloster<\/a><\/li><li class=\"simple-links-item simple-links-shortcode-item\" id=\"link-2940\"><a href=\"https:\/\/www.kirche-mulsum.de\/\" title=\"\" target=\"_blank\" >Evang.-luth. St. Petri Gemeinde Mulsum<\/a><\/li><li class=\"simple-links-item simple-links-shortcode-item\" id=\"link-2944\"><a href=\"https:\/\/www.kirchengemeinde-apensen.de\/\" title=\"Sie sind auf der Hompage der ev.-luth. Kirchengemeinde Apensen.\" target=\"_blank\" >Evangelisch-lutherische Kirchengemeinde Apensen<\/a>- <span class=\"link-description\"><div class=\"text\">\r\n\r\nSie sind auf der Hompage der ev.-luth. Kirchengemeinde Apensen.\r\n\r\n<\/div><\/span><\/li><li class=\"simple-links-item simple-links-shortcode-item\" id=\"link-2949\"><a href=\"https:\/\/www.st-petri-buxtehude.de\/\" title=\"\" target=\"_blank\" >Evangelisch-lutherische St. Petri-Kirchengemeinde Buxtehude<\/a><\/li><li class=\"simple-links-item simple-links-shortcode-item\" id=\"link-2947\"><a href=\"http:\/\/www.st-paulus-buxtehude.de\/\" title=\"die Kirchengemeinde unseres Chores\" target=\"_blank\" >Evangelisch-lutherische St.-Paulus-Kirchengemeinde Buxtehude<\/a>- <span class=\"link-description\">die Kirchengemeinde unseres Chores<\/span><\/li><li class=\"simple-links-item simple-links-shortcode-item\" id=\"link-2951\"><a href=\"https:\/\/www.loccum.de\/\" title=\"\" target=\"_blank\" >Evangelische Akademie Loccum<\/a><\/li><li class=\"simple-links-item simple-links-shortcode-item\" id=\"link-2966\"><a href=\"https:\/\/www.johanniskirche-dessau.de\/\" title=\"\" target=\"_blank\" >Evangelische Innenstadtgemeinde St. Johannis und St. Marien in Dessau<\/a><\/li><li class=\"simple-links-item simple-links-shortcode-item\" id=\"link-2964\"><a href=\"https:\/\/www.schlosskirche-wittenberg.de\" title=\"\" target=\"_blank\" >Evangelische Schlosskirche Lutherstadt Wittenberg<\/a><\/li><li class=\"simple-links-item simple-links-shortcode-item\" id=\"link-2956\"><a href=\"http:\/\/www.urlstat.de\/www.gospelvoices-buxtehude.de\" title=\"eine (vermutlich einzige) Statistik, die die Umleitung der www.gospelvoices-buxtehude.de auf die Datenbank ber\u00fccksichtigt.\" target=\"_blank\" >Homepage-Statistik<\/a>- <span class=\"link-description\">eine (vermutlich einzige) Statistik, die die Umleitung der <a href=\"http:\/\/www.gospelvoices-buxtehude.de\">www.gospelvoices-buxtehude.de<\/a> auf die Datenbank ber\u00fccksichtigt.<\/span><\/li><li class=\"simple-links-item simple-links-shortcode-item\" id=\"link-2976\"><a href=\"https:\/\/www.stadtkirchen-stade.de\/gemeinden\/johannis\" title=\"Johannisgemeinde - Stadtkirchen Stade\" target=\"_blank\" >JOHANNISGEMEINDE<\/a>- <span class=\"link-description\">Johannisgemeinde - Stadtkirchen Stade<\/span><\/li><li class=\"simple-links-item simple-links-shortcode-item\" id=\"link-2958\"><a href=\"http:\/\/www.katholische-kirche-kassel.de\/\" title=\"die Kirchengemeinde, in der wir auf dem Gospelkirchentag auftraten\" target=\"_blank\" >Katholische Kirche Kassel<\/a>- <span class=\"link-description\">die Kirchengemeinde, in der wir auf dem Gospelkirchentag auftraten<\/span><\/li><li class=\"simple-links-item simple-links-shortcode-item\" id=\"link-2960\"><a href=\"http:\/\/www.stiftung-bliedersdorf.de\" title=\"Herzlich willkommen auf der Homepage der \u201eKirchlichen Stiftung Feldsteinkirche Bliedersdorf\u201c! Informieren Sie sich \u00fcber die Arbeit der Stiftung und engagieren Sie sich mit uns f\u00fcr eine dauerhafte Investition in die Zukunft unserer Kirchengemeinde!\" target=\"_blank\" >Kirchliche Stiftung Feldsteinkirche Bliedersdorf<\/a>- <span class=\"link-description\">Herzlich willkommen auf der Homepage der \u201eKirchlichen Stiftung Feldsteinkirche Bliedersdorf\u201c! Informieren Sie sich \u00fcber die Arbeit der Stiftung und engagieren Sie sich mit uns f\u00fcr eine dauerhafte Investition in die Zukunft unserer Kirchengemeinde!<\/span><\/li><li class=\"simple-links-item simple-links-shortcode-item\" id=\"link-3097\"><a href=\"https:\/\/kulturforum-hafen.de\/\" title=\"\" target=\"_blank\" >Land in Sicht - Kulturforum am Hafen e.V. Buxtehude<\/a><\/li><li class=\"simple-links-item simple-links-shortcode-item\" id=\"link-2969\"><a href=\"https:\/\/www.mariae-himmelfahrt-buxtehude.de\/\" title=\"\" target=\"_blank\" >MARI\u00c4 HIMMELFAHRT BUXTEHUDE<\/a><\/li><li class=\"simple-links-item simple-links-shortcode-item\" id=\"link-2962\"><a href=\"https:\/\/php-friends.de\/\" title=\"kosteng\u00fcnstiger werbefreier Webspace\" target=\"_blank\" >PHP-FRIENDS<\/a>- <span class=\"link-description\">kosteng\u00fcnstiger werbefreier Webspace<\/span><\/li><li class=\"simple-links-item simple-links-shortcode-item\" id=\"link-2973\"><a href=\"https:\/\/www.kirche-borstel.de\/\" title=\"\" target=\"_blank\" >St. Nikolai Borstel<\/a><\/li><li class=\"simple-links-item simple-links-shortcode-item\" id=\"link-2971\"><a href=\"https:\/\/www.tonart-buxtehude.de\/\" title=\"Musik- und Kunstschule in Buxtehude-S\u00fcd\" target=\"_blank\" >TonArt Buxtehude<\/a>- <span class=\"link-description\">Musik- und Kunstschule in Buxtehude-S\u00fcd<\/span><\/li><li class=\"simple-links-item simple-links-shortcode-item\" id=\"link-2936\"><a href=\"http:\/\/buergerverein-altkloster.de\/\" title=\"B\u00fcrgerverein Alktloster e.V.\" target=\"_blank\" >Unser Altkloster<\/a>- <span class=\"link-description\">B\u00fcrgerverein Alktloster e.V.<\/span><\/li><\/ul><!-- End .simple-links-list -->\n","protected":false},"excerpt":{"rendered":"<p>Orte unseres Wirkens \/ n\u00fctzliche Links<\/p>\n<div class=\"shariff shariff-align-flex-start shariff-widget-align-flex-start\"><ul class=\"shariff-buttons theme-default orientation-horizontal buttonsize-small\"><li class=\"shariff-button mastodon shariff-nocustomcolor\" style=\"background-color:#563ACC\"><a href=\"https:\/\/s2f.kytta.dev\/?text=Dies%20und%20das https%3A%2F%2Fweb68688.ssd-space.de%2Fgospelvoices-buxtehude.pfweb.eu%2Fdies-und-das%2F\" title=\"Bei Mastodon teilen\" aria-label=\"Bei Mastodon teilen\" role=\"button\" rel=\"noopener nofollow\" class=\"shariff-link\" style=\"; background-color:#6364FF; color:#fff\" target=\"_blank\"><span class=\"shariff-icon\" style=\"\"><svg width=\"75\" height=\"79\" viewBox=\"0 0 75 79\" fill=\"none\" xmlns=\"http:\/\/www.w3.org\/2000\/svg\"><path d=\"M37.813-.025C32.462-.058 27.114.13 21.79.598c-8.544.621-17.214 5.58-20.203 13.931C-1.12 23.318.408 32.622.465 41.65c.375 7.316.943 14.78 3.392 21.73 4.365 9.465 14.781 14.537 24.782 15.385 7.64.698 15.761-.213 22.517-4.026a54.1 54.1 0 0 0 .01-6.232c-6.855 1.316-14.101 2.609-21.049 1.074-3.883-.88-6.876-4.237-7.25-8.215-1.53-3.988 3.78-.43 5.584-.883 9.048 1.224 18.282.776 27.303-.462 7.044-.837 14.26-4.788 16.65-11.833 2.263-6.135 1.215-12.79 1.698-19.177.06-3.84.09-7.692-.262-11.52C72.596 7.844 63.223.981 53.834.684a219.453 219.453 0 0 0-16.022-.71zm11.294 12.882c5.5-.067 10.801 4.143 11.67 9.653.338 1.48.471 3 .471 4.515v21.088h-8.357c-.07-7.588.153-15.182-.131-22.765-.587-4.368-7.04-5.747-9.672-2.397-2.422 3.04-1.47 7.155-1.67 10.735v6.392h-8.307c-.146-4.996.359-10.045-.404-15.002-1.108-4.218-7.809-5.565-10.094-1.666-1.685 3.046-.712 6.634-.976 9.936v14.767h-8.354c.109-8.165-.238-16.344.215-24.5.674-5.346 5.095-10.389 10.676-10.627 4.902-.739 10.103 2.038 12.053 6.631.375 1.435 1.76 1.932 1.994.084 1.844-3.704 5.501-6.739 9.785-6.771.367-.044.735-.068 1.101-.073z\"\/><defs><linearGradient id=\"paint0_linear_549_34\" x1=\"37.0692\" y1=\"0\" x2=\"37.0692\" y2=\"79\" gradientUnits=\"userSpaceOnUse\"><stop stop-color=\"#6364FF\"\/><stop offset=\"1\" stop-color=\"#563ACC\"\/><\/linearGradient><\/defs><\/svg><\/span><span class=\"shariff-text\">teilen<\/span>&nbsp;<\/a><\/li><li class=\"shariff-button facebook shariff-nocustomcolor\" style=\"background-color:#4273c8\"><a href=\"https:\/\/www.facebook.com\/sharer\/sharer.php?u=https%3A%2F%2Fweb68688.ssd-space.de%2Fgospelvoices-buxtehude.pfweb.eu%2Fdies-und-das%2F\" title=\"Bei Facebook teilen\" aria-label=\"Bei Facebook teilen\" role=\"button\" rel=\"nofollow\" class=\"shariff-link\" style=\"; background-color:#3b5998; color:#fff\" target=\"_blank\"><span class=\"shariff-icon\" style=\"\"><svg width=\"32px\" height=\"20px\" xmlns=\"http:\/\/www.w3.org\/2000\/svg\" viewBox=\"0 0 18 32\"><path fill=\"#3b5998\" d=\"M17.1 0.2v4.7h-2.8q-1.5 0-2.1 0.6t-0.5 1.9v3.4h5.2l-0.7 5.3h-4.5v13.6h-5.5v-13.6h-4.5v-5.3h4.5v-3.9q0-3.3 1.9-5.2t5-1.8q2.6 0 4.1 0.2z\"\/><\/svg><\/span><span class=\"shariff-text\">teilen<\/span>&nbsp;<\/a><\/li><li class=\"shariff-button linkedin shariff-nocustomcolor\" style=\"background-color:#1488bf\"><a href=\"https:\/\/www.linkedin.com\/sharing\/share-offsite\/?url=https%3A%2F%2Fweb68688.ssd-space.de%2Fgospelvoices-buxtehude.pfweb.eu%2Fdies-und-das%2F\" title=\"Bei LinkedIn teilen\" aria-label=\"Bei LinkedIn teilen\" role=\"button\" rel=\"noopener nofollow\" class=\"shariff-link\" style=\"; background-color:#0077b5; color:#fff\" target=\"_blank\"><span class=\"shariff-icon\" style=\"\"><svg width=\"32px\" height=\"20px\" xmlns=\"http:\/\/www.w3.org\/2000\/svg\" viewBox=\"0 0 27 32\"><path fill=\"#0077b5\" d=\"M6.2 11.2v17.7h-5.9v-17.7h5.9zM6.6 5.7q0 1.3-0.9 2.2t-2.4 0.9h0q-1.5 0-2.4-0.9t-0.9-2.2 0.9-2.2 2.4-0.9 2.4 0.9 0.9 2.2zM27.4 18.7v10.1h-5.9v-9.5q0-1.9-0.7-2.9t-2.3-1.1q-1.1 0-1.9 0.6t-1.2 1.5q-0.2 0.5-0.2 1.4v9.9h-5.9q0-7.1 0-11.6t0-5.3l0-0.9h5.9v2.6h0q0.4-0.6 0.7-1t1-0.9 1.6-0.8 2-0.3q3 0 4.9 2t1.9 6z\"\/><\/svg><\/span><span class=\"shariff-text\">teilen<\/span>&nbsp;<\/a><\/li><li class=\"shariff-button info shariff-nocustomcolor\" style=\"background-color:#eee\"><a href=\"http:\/\/ct.de\/-2467514\" title=\"Weitere Informationen\" aria-label=\"Weitere Informationen\" role=\"button\" rel=\"noopener \" class=\"shariff-link\" style=\"; background-color:#fff; color:#fff\" target=\"_blank\"><span class=\"shariff-icon\" style=\"\"><svg width=\"32px\" height=\"20px\" xmlns=\"http:\/\/www.w3.org\/2000\/svg\" viewBox=\"0 0 11 32\"><path fill=\"#999\" d=\"M11.4 24v2.3q0 0.5-0.3 0.8t-0.8 0.4h-9.1q-0.5 0-0.8-0.4t-0.4-0.8v-2.3q0-0.5 0.4-0.8t0.8-0.4h1.1v-6.8h-1.1q-0.5 0-0.8-0.4t-0.4-0.8v-2.3q0-0.5 0.4-0.8t0.8-0.4h6.8q0.5 0 0.8 0.4t0.4 0.8v10.3h1.1q0.5 0 0.8 0.4t0.3 0.8zM9.2 3.4v3.4q0 0.5-0.4 0.8t-0.8 0.4h-4.6q-0.4 0-0.8-0.4t-0.4-0.8v-3.4q0-0.4 0.4-0.8t0.8-0.4h4.6q0.5 0 0.8 0.4t0.4 0.8z\"\/><\/svg><\/span><\/a><\/li><\/ul><\/div>","protected":false},"author":1,"featured_media":0,"parent":0,"menu_order":0,"comment_status":"open","ping_status":"closed","template":"","meta":{"site-sidebar-layout":"default","site-content-layout":"default","ast-site-content-layout":"default","site-content-style":"default","site-sidebar-style":"default","ast-global-header-display":"","ast-banner-title-visibility":"","ast-main-header-display":"","ast-hfb-above-header-display":"","ast-hfb-below-header-display":"","ast-hfb-mobile-header-display":"","site-post-title":"","ast-breadcrumbs-content":"","ast-featured-img":"","footer-sml-layout":"","ast-disable-related-posts":"","theme-transparent-header-meta":"default","adv-header-id-meta":"","stick-header-meta":"","header-above-stick-meta":"","header-main-stick-meta":"","header-below-stick-meta":"","astra-migrate-meta-layouts":"default","ast-page-background-enabled":"default","ast-page-background-meta":{"desktop":{"background-color":"","background-image":"","background-repeat":"repeat","background-position":"center center","background-size":"auto","background-attachment":"scroll","background-type":"","background-media":"","overlay-type":"","overlay-color":"","overlay-opacity":"","overlay-gradient":""},"tablet":{"background-color":"","background-image":"","background-repeat":"repeat","background-position":"center center","background-size":"auto","background-attachment":"scroll","background-type":"","background-media":"","overlay-type":"","overlay-color":"","overlay-opacity":"","overlay-gradient":""},"mobile":{"background-color":"","background-image":"","background-repeat":"repeat","background-position":"center center","background-size":"auto","background-attachment":"scroll","background-type":"","background-media":"","overlay-type":"","overlay-color":"","overlay-opacity":"","overlay-gradient":""}},"ast-content-background-meta":{"desktop":{"background-color":"var(--ast-global-color-5)","background-image":"","background-repeat":"repeat","background-position":"center center","background-size":"auto","background-attachment":"scroll","background-type":"","background-media":"","overlay-type":"","overlay-color":"","overlay-opacity":"","overlay-gradient":""},"tablet":{"background-color":"var(--ast-global-color-5)","background-image":"","background-repeat":"repeat","background-position":"center center","background-size":"auto","background-attachment":"scroll","background-type":"","background-media":"","overlay-type":"","overlay-color":"","overlay-opacity":"","overlay-gradient":""},"mobile":{"background-color":"var(--ast-global-color-5)","background-image":"","background-repeat":"repeat","background-position":"center center","background-size":"auto","background-attachment":"scroll","background-type":"","background-media":"","overlay-type":"","overlay-color":"","overlay-opacity":"","overlay-gradient":""}},"advanced_seo_description":"","jetpack_seo_html_title":"","jetpack_seo_noindex":false,"footnotes":""},"class_list":["post-2931","page","type-page","status-publish","hentry"],"jetpack-related-posts":[{"id":2871,"url":"https:\/\/web68688.ssd-space.de\/gospelvoices-buxtehude.pfweb.eu\/gospel-choere\/","url_meta":{"origin":2931,"position":0},"title":"Gospel-Ch\u00f6re","author":"Hauke Sumfleth","date":"14. Februar 2021","format":false,"excerpt":"Gospel- und andere Ch\u00f6re, mit denen wir gemeinsam auftreten","rel":"","context":"\u00c4hnlicher Beitrag","block_context":{"text":"\u00c4hnlicher Beitrag","link":""},"img":{"alt_text":"","src":"","width":0,"height":0},"classes":[]},{"id":2907,"url":"https:\/\/web68688.ssd-space.de\/gospelvoices-buxtehude.pfweb.eu\/gospel-events\/","url_meta":{"origin":2931,"position":1},"title":"Gospel-Events","author":"Hauke Sumfleth","date":"14. Februar 2021","format":false,"excerpt":"Gospel-Kirchentag, AfroGospel-Festival, Nacht der Ch\u00f6re","rel":"","context":"\u00c4hnlicher Beitrag","block_context":{"text":"\u00c4hnlicher Beitrag","link":""},"img":{"alt_text":"","src":"","width":0,"height":0},"classes":[]},{"id":2919,"url":"https:\/\/web68688.ssd-space.de\/gospelvoices-buxtehude.pfweb.eu\/gospel-portale\/","url_meta":{"origin":2931,"position":2},"title":"Gospel-Portale","author":"Hauke Sumfleth","date":"14. Februar 2021","format":false,"excerpt":"Gospel Chor Maps Infos Events \u00a0","rel":"","context":"\u00c4hnlicher Beitrag","block_context":{"text":"\u00c4hnlicher Beitrag","link":""},"img":{"alt_text":"","src":"","width":0,"height":0},"classes":[]},{"id":3032,"url":"https:\/\/web68688.ssd-space.de\/gospelvoices-buxtehude.pfweb.eu\/pressemeldungen-ankuendigungen\/","url_meta":{"origin":2931,"position":3},"title":"Pressemeldungen \/ Ank\u00fcndigungen","author":"Hauke Sumfleth","date":"15. Februar 2021","format":false,"excerpt":"Das Bild der St. Paul's Gospel Voices in der \u00d6ffentlichkeit","rel":"","context":"\u00c4hnlicher Beitrag","block_context":{"text":"\u00c4hnlicher Beitrag","link":""},"img":{"alt_text":"","src":"","width":0,"height":0},"classes":[]},{"id":3767,"url":"https:\/\/web68688.ssd-space.de\/gospelvoices-buxtehude.pfweb.eu\/order-received\/","url_meta":{"origin":2931,"position":4},"title":"Order Received","author":"Hauke Sumfleth","date":"20. Februar 2021","format":false,"excerpt":"Hi, we have received your order. We will validate the order and will take necessary steps to move forward.","rel":"","context":"\u00c4hnlicher Beitrag","block_context":{"text":"\u00c4hnlicher Beitrag","link":""},"img":{"alt_text":"","src":"","width":0,"height":0},"classes":[]},{"id":4154,"url":"https:\/\/web68688.ssd-space.de\/gospelvoices-buxtehude.pfweb.eu\/order-received-2\/","url_meta":{"origin":2931,"position":5},"title":"Order Received","author":"Hauke Sumfleth","date":"22. Februar 2021","format":false,"excerpt":"Hi, we have received your order. We will validate the order and will take necessary steps to move forward.","rel":"","context":"\u00c4hnlicher Beitrag","block_context":{"text":"\u00c4hnlicher Beitrag","link":""},"img":{"alt_text":"","src":"","width":0,"height":0},"classes":[]}],"jetpack_sharing_enabled":true,"_links":{"self":[{"href":"https:\/\/web68688.ssd-space.de\/gospelvoices-buxtehude.pfweb.eu\/wp-json\/wp\/v2\/pages\/2931","targetHints":{"allow":["GET"]}}],"collection":[{"href":"https:\/\/web68688.ssd-space.de\/gospelvoices-buxtehude.pfweb.eu\/wp-json\/wp\/v2\/pages"}],"about":[{"href":"https:\/\/web68688.ssd-space.de\/gospelvoices-buxtehude.pfweb.eu\/wp-json\/wp\/v2\/types\/page"}],"author":[{"embeddable":true,"href":"https:\/\/web68688.ssd-space.de\/gospelvoices-buxtehude.pfweb.eu\/wp-json\/wp\/v2\/users\/1"}],"replies":[{"embeddable":true,"href":"https:\/\/web68688.ssd-space.de\/gospelvoices-buxtehude.pfweb.eu\/wp-json\/wp\/v2\/comments?post=2931"}],"version-history":[{"count":2,"href":"https:\/\/web68688.ssd-space.de\/gospelvoices-buxtehude.pfweb.eu\/wp-json\/wp\/v2\/pages\/2931\/revisions"}],"predecessor-version":[{"id":2933,"href":"https:\/\/web68688.ssd-space.de\/gospelvoices-buxtehude.pfweb.eu\/wp-json\/wp\/v2\/pages\/2931\/revisions\/2933"}],"wp:attachment":[{"href":"https:\/\/web68688.ssd-space.de\/gospelvoices-buxtehude.pfweb.eu\/wp-json\/wp\/v2\/media?parent=2931"}],"curies":[{"name":"wp","href":"https:\/\/api.w.org\/{rel}","templated":true}]}}