{"id":2871,"date":"2021-02-14T12:01:32","date_gmt":"2021-02-14T11:01:32","guid":{"rendered":"https:\/\/gospelvoices-buxtehude.pfweb.eu\/wp\/?page_id=2871"},"modified":"2021-02-14T17:08:32","modified_gmt":"2021-02-14T16:08:32","slug":"gospel-choere","status":"publish","type":"page","link":"https:\/\/web68688.ssd-space.de\/gospelvoices-buxtehude.pfweb.eu\/gospel-choere\/","title":{"rendered":"Gospel-Ch\u00f6re"},"content":{"rendered":"<p>Gospel- und andere Ch\u00f6re, mit denen wir gemeinsam auftreten<\/p>\n<ul class=\"simple-links-list\" ><li class=\"simple-links-item simple-links-shortcode-item\" id=\"link-2868\"><a href=\"http:\/\/adyzioncommunitychoir.de\/uber-uns\/\" title=\"\" target=\"_blank\" >Ady & the Zion Community Choir<\/a><\/li><li class=\"simple-links-item simple-links-shortcode-item\" id=\"link-2877\"><a href=\"https:\/\/www.buxtehuder-stieglitze.de\/\" title=\"der Kinder- und Jugendchor in Buxtehude\" target=\"_blank\" >Buxtehuder Stieglitze<\/a>- <span class=\"link-description\">der Kinder- und Jugendchor in Buxtehude<\/span><\/li><li class=\"simple-links-item simple-links-shortcode-item\" id=\"link-2879\"><a href=\"https:\/\/www.good-news-singers.de\/\" title=\"Gospelchor aus Harsefeld\" target=\"_blank\" >Good News Singers<\/a>- <span class=\"link-description\">Gospelchor aus Harsefeld<\/span><\/li><li class=\"simple-links-item simple-links-shortcode-item\" id=\"link-2881\"><a href=\"http:\/\/www.gospelchor-buchholz.de\/\" title=\"Herzlich willkommen beim Gospel-Chor Buchholz\/Nordheide\" target=\"_blank\" >Gospel-Chor Buchholz\/Nordheide<\/a>- <span class=\"link-description\">Herzlich willkommen beim Gospel-Chor Buchholz\/Nordheide<\/span><\/li><li class=\"simple-links-item simple-links-shortcode-item\" id=\"link-2883\"><a href=\"https:\/\/www.kirche-hollenstedt.de\/index.php?id=4485\" title=\"ist der Gospelchor der St. Andreas Kirchengemeinde Hollenstedt.\" target=\"_blank\" >Gospelship<\/a>- <span class=\"link-description\">ist der Gospelchor der St. Andreas Kirchengemeinde Hollenstedt.<\/span><\/li><li class=\"simple-links-item simple-links-shortcode-item\" id=\"link-2885\"><a href=\"https:\/\/www.afrikanischeszentrum.de\/projekte\/gospel-chor-hamburg\/\" title=\"\" target=\"_blank\" >Hamburg Gospel Ambassadors<\/a><\/li><li class=\"simple-links-item simple-links-shortcode-item\" id=\"link-2887\"><a href=\"http:\/\/www.happy-voices-apensen.de\/CMS_FILES\/\" title=\"Gospels &amp; more\" target=\"_blank\" >Happy Voices Apensen<\/a>- <span class=\"link-description\">Gospels &amp; more<\/span><\/li><li class=\"simple-links-item simple-links-shortcode-item\" id=\"link-2890\"><a href=\"https:\/\/de-de.facebook.com\/JoynMusic\/\" title=\"Gospelchor aus Neu Wulmstorf\" target=\"_blank\" >Joy'n Music<\/a>- <span class=\"link-description\">Gospelchor aus Neu Wulmstorf<\/span><\/li><li class=\"simple-links-item simple-links-shortcode-item\" id=\"link-2892\"><a href=\"https:\/\/www.leviticusgospelchoir.com\/\" title=\"Called to sing His praise\" target=\"_blank\" >Leviticus Gospel Chor<\/a>- <span class=\"link-description\">Called to sing His praise<\/span><\/li><li class=\"simple-links-item simple-links-shortcode-item\" id=\"link-2894\"><a href=\"https:\/\/www.facebook.com\/Old-Country-Gospel-Company-1187703114627472\/\" title=\"ein Gospelchor aus dem Alten Land\" target=\"_blank\" >Old Country Gospel Company<\/a>- <span class=\"link-description\">ein Gospelchor aus dem Alten Land<\/span><\/li><li class=\"simple-links-item simple-links-shortcode-item\" id=\"link-2896\"><a href=\"http:\/\/www.gospel-leipzig.de\/aktuelles\/aus-dem-chorleben-open-up-wide.html\" title=\"Gospelchor Thomaskirche Leipzig\" target=\"_blank\" >Open Up Wide<\/a>- <span class=\"link-description\">Gospelchor Thomaskirche Leipzig<\/span><\/li><li class=\"simple-links-item simple-links-shortcode-item\" id=\"link-2898\"><a href=\"http:\/\/www.singen-mit-rueckenwind.de\/\" title=\"Pop- und Gospelchor aus Flintbek\" target=\"_blank\" >R\u00fcckenwind<\/a>- <span class=\"link-description\">Pop- und Gospelchor aus Flintbek<\/span><\/li><li class=\"simple-links-item simple-links-shortcode-item\" id=\"link-2900\"><a href=\"https:\/\/temptation-gospel-voices.de\/\" title=\"\" target=\"_blank\" >Temptation Gospel Voices<\/a><\/li><li class=\"simple-links-item simple-links-shortcode-item\" id=\"link-2902\"><a href=\"https:\/\/lambertuschoere-langenberg.de\/voices\/\" title=\"der Jugendchor aus Langenberg\" target=\"_blank\" >Voices of Spirit<\/a>- <span class=\"link-description\">der Jugendchor aus Langenberg<\/span><\/li><li class=\"simple-links-item simple-links-shortcode-item\" id=\"link-2904\"><a href=\"https:\/\/de-de.facebook.com\/pages\/category\/Musician-Band\/Westend-Gospel-Singers-235488576467999\/\" title=\"\" target=\"_blank\" >Westend Gospel Singers Eberswalde<\/a><\/li><\/ul><!-- End .simple-links-list -->\n","protected":false},"excerpt":{"rendered":"<p>Gospel- und andere Ch\u00f6re, mit denen wir gemeinsam auftreten<\/p>\n<div class=\"shariff shariff-align-flex-start shariff-widget-align-flex-start\"><ul class=\"shariff-buttons theme-default orientation-horizontal buttonsize-small\"><li class=\"shariff-button mastodon shariff-nocustomcolor\" style=\"background-color:#563ACC\"><a href=\"https:\/\/s2f.kytta.dev\/?text=Gospel-Ch%C3%B6re https%3A%2F%2Fweb68688.ssd-space.de%2Fgospelvoices-buxtehude.pfweb.eu%2Fgospel-choere%2F\" title=\"Bei Mastodon teilen\" aria-label=\"Bei Mastodon teilen\" role=\"button\" rel=\"noopener nofollow\" class=\"shariff-link\" style=\"; background-color:#6364FF; color:#fff\" target=\"_blank\"><span class=\"shariff-icon\" style=\"\"><svg width=\"75\" height=\"79\" viewBox=\"0 0 75 79\" fill=\"none\" xmlns=\"http:\/\/www.w3.org\/2000\/svg\"><path d=\"M37.813-.025C32.462-.058 27.114.13 21.79.598c-8.544.621-17.214 5.58-20.203 13.931C-1.12 23.318.408 32.622.465 41.65c.375 7.316.943 14.78 3.392 21.73 4.365 9.465 14.781 14.537 24.782 15.385 7.64.698 15.761-.213 22.517-4.026a54.1 54.1 0 0 0 .01-6.232c-6.855 1.316-14.101 2.609-21.049 1.074-3.883-.88-6.876-4.237-7.25-8.215-1.53-3.988 3.78-.43 5.584-.883 9.048 1.224 18.282.776 27.303-.462 7.044-.837 14.26-4.788 16.65-11.833 2.263-6.135 1.215-12.79 1.698-19.177.06-3.84.09-7.692-.262-11.52C72.596 7.844 63.223.981 53.834.684a219.453 219.453 0 0 0-16.022-.71zm11.294 12.882c5.5-.067 10.801 4.143 11.67 9.653.338 1.48.471 3 .471 4.515v21.088h-8.357c-.07-7.588.153-15.182-.131-22.765-.587-4.368-7.04-5.747-9.672-2.397-2.422 3.04-1.47 7.155-1.67 10.735v6.392h-8.307c-.146-4.996.359-10.045-.404-15.002-1.108-4.218-7.809-5.565-10.094-1.666-1.685 3.046-.712 6.634-.976 9.936v14.767h-8.354c.109-8.165-.238-16.344.215-24.5.674-5.346 5.095-10.389 10.676-10.627 4.902-.739 10.103 2.038 12.053 6.631.375 1.435 1.76 1.932 1.994.084 1.844-3.704 5.501-6.739 9.785-6.771.367-.044.735-.068 1.101-.073z\"\/><defs><linearGradient id=\"paint0_linear_549_34\" x1=\"37.0692\" y1=\"0\" x2=\"37.0692\" y2=\"79\" gradientUnits=\"userSpaceOnUse\"><stop stop-color=\"#6364FF\"\/><stop offset=\"1\" stop-color=\"#563ACC\"\/><\/linearGradient><\/defs><\/svg><\/span><span class=\"shariff-text\">teilen<\/span>&nbsp;<\/a><\/li><li class=\"shariff-button facebook shariff-nocustomcolor\" style=\"background-color:#4273c8\"><a href=\"https:\/\/www.facebook.com\/sharer\/sharer.php?u=https%3A%2F%2Fweb68688.ssd-space.de%2Fgospelvoices-buxtehude.pfweb.eu%2Fgospel-choere%2F\" title=\"Bei Facebook teilen\" aria-label=\"Bei Facebook teilen\" role=\"button\" rel=\"nofollow\" class=\"shariff-link\" style=\"; background-color:#3b5998; color:#fff\" target=\"_blank\"><span class=\"shariff-icon\" style=\"\"><svg width=\"32px\" height=\"20px\" xmlns=\"http:\/\/www.w3.org\/2000\/svg\" viewBox=\"0 0 18 32\"><path fill=\"#3b5998\" d=\"M17.1 0.2v4.7h-2.8q-1.5 0-2.1 0.6t-0.5 1.9v3.4h5.2l-0.7 5.3h-4.5v13.6h-5.5v-13.6h-4.5v-5.3h4.5v-3.9q0-3.3 1.9-5.2t5-1.8q2.6 0 4.1 0.2z\"\/><\/svg><\/span><span class=\"shariff-text\">teilen<\/span>&nbsp;<\/a><\/li><li class=\"shariff-button linkedin shariff-nocustomcolor\" style=\"background-color:#1488bf\"><a href=\"https:\/\/www.linkedin.com\/sharing\/share-offsite\/?url=https%3A%2F%2Fweb68688.ssd-space.de%2Fgospelvoices-buxtehude.pfweb.eu%2Fgospel-choere%2F\" title=\"Bei LinkedIn teilen\" aria-label=\"Bei LinkedIn teilen\" role=\"button\" rel=\"noopener nofollow\" class=\"shariff-link\" style=\"; background-color:#0077b5; color:#fff\" target=\"_blank\"><span class=\"shariff-icon\" style=\"\"><svg width=\"32px\" height=\"20px\" xmlns=\"http:\/\/www.w3.org\/2000\/svg\" viewBox=\"0 0 27 32\"><path fill=\"#0077b5\" d=\"M6.2 11.2v17.7h-5.9v-17.7h5.9zM6.6 5.7q0 1.3-0.9 2.2t-2.4 0.9h0q-1.5 0-2.4-0.9t-0.9-2.2 0.9-2.2 2.4-0.9 2.4 0.9 0.9 2.2zM27.4 18.7v10.1h-5.9v-9.5q0-1.9-0.7-2.9t-2.3-1.1q-1.1 0-1.9 0.6t-1.2 1.5q-0.2 0.5-0.2 1.4v9.9h-5.9q0-7.1 0-11.6t0-5.3l0-0.9h5.9v2.6h0q0.4-0.6 0.7-1t1-0.9 1.6-0.8 2-0.3q3 0 4.9 2t1.9 6z\"\/><\/svg><\/span><span class=\"shariff-text\">teilen<\/span>&nbsp;<\/a><\/li><li class=\"shariff-button info shariff-nocustomcolor\" style=\"background-color:#eee\"><a href=\"http:\/\/ct.de\/-2467514\" title=\"Weitere Informationen\" aria-label=\"Weitere Informationen\" role=\"button\" rel=\"noopener \" class=\"shariff-link\" style=\"; background-color:#fff; color:#fff\" target=\"_blank\"><span class=\"shariff-icon\" style=\"\"><svg width=\"32px\" height=\"20px\" xmlns=\"http:\/\/www.w3.org\/2000\/svg\" viewBox=\"0 0 11 32\"><path fill=\"#999\" d=\"M11.4 24v2.3q0 0.5-0.3 0.8t-0.8 0.4h-9.1q-0.5 0-0.8-0.4t-0.4-0.8v-2.3q0-0.5 0.4-0.8t0.8-0.4h1.1v-6.8h-1.1q-0.5 0-0.8-0.4t-0.4-0.8v-2.3q0-0.5 0.4-0.8t0.8-0.4h6.8q0.5 0 0.8 0.4t0.4 0.8v10.3h1.1q0.5 0 0.8 0.4t0.3 0.8zM9.2 3.4v3.4q0 0.5-0.4 0.8t-0.8 0.4h-4.6q-0.4 0-0.8-0.4t-0.4-0.8v-3.4q0-0.4 0.4-0.8t0.8-0.4h4.6q0.5 0 0.8 0.4t0.4 0.8z\"\/><\/svg><\/span><\/a><\/li><\/ul><\/div>","protected":false},"author":1,"featured_media":0,"parent":0,"menu_order":0,"comment_status":"open","ping_status":"closed","template":"","meta":{"site-sidebar-layout":"default","site-content-layout":"default","ast-site-content-layout":"default","site-content-style":"default","site-sidebar-style":"default","ast-global-header-display":"","ast-banner-title-visibility":"","ast-main-header-display":"","ast-hfb-above-header-display":"","ast-hfb-below-header-display":"","ast-hfb-mobile-header-display":"","site-post-title":"","ast-breadcrumbs-content":"","ast-featured-img":"disabled","footer-sml-layout":"","ast-disable-related-posts":"","theme-transparent-header-meta":"default","adv-header-id-meta":"","stick-header-meta":"","header-above-stick-meta":"","header-main-stick-meta":"","header-below-stick-meta":"","astra-migrate-meta-layouts":"default","ast-page-background-enabled":"default","ast-page-background-meta":{"desktop":{"background-color":"","background-image":"","background-repeat":"repeat","background-position":"center center","background-size":"auto","background-attachment":"scroll","background-type":"","background-media":"","overlay-type":"","overlay-color":"","overlay-opacity":"","overlay-gradient":""},"tablet":{"background-color":"","background-image":"","background-repeat":"repeat","background-position":"center center","background-size":"auto","background-attachment":"scroll","background-type":"","background-media":"","overlay-type":"","overlay-color":"","overlay-opacity":"","overlay-gradient":""},"mobile":{"background-color":"","background-image":"","background-repeat":"repeat","background-position":"center center","background-size":"auto","background-attachment":"scroll","background-type":"","background-media":"","overlay-type":"","overlay-color":"","overlay-opacity":"","overlay-gradient":""}},"ast-content-background-meta":{"desktop":{"background-color":"var(--ast-global-color-5)","background-image":"","background-repeat":"repeat","background-position":"center center","background-size":"auto","background-attachment":"scroll","background-type":"","background-media":"","overlay-type":"","overlay-color":"","overlay-opacity":"","overlay-gradient":""},"tablet":{"background-color":"var(--ast-global-color-5)","background-image":"","background-repeat":"repeat","background-position":"center center","background-size":"auto","background-attachment":"scroll","background-type":"","background-media":"","overlay-type":"","overlay-color":"","overlay-opacity":"","overlay-gradient":""},"mobile":{"background-color":"var(--ast-global-color-5)","background-image":"","background-repeat":"repeat","background-position":"center center","background-size":"auto","background-attachment":"scroll","background-type":"","background-media":"","overlay-type":"","overlay-color":"","overlay-opacity":"","overlay-gradient":""}},"advanced_seo_description":"","jetpack_seo_html_title":"","jetpack_seo_noindex":false,"footnotes":""},"class_list":["post-2871","page","type-page","status-publish","hentry"],"jetpack-related-posts":[{"id":2907,"url":"https:\/\/web68688.ssd-space.de\/gospelvoices-buxtehude.pfweb.eu\/gospel-events\/","url_meta":{"origin":2871,"position":0},"title":"Gospel-Events","author":"Hauke Sumfleth","date":"14. Februar 2021","format":false,"excerpt":"Gospel-Kirchentag, AfroGospel-Festival, Nacht der Ch\u00f6re","rel":"","context":"\u00c4hnlicher Beitrag","block_context":{"text":"\u00c4hnlicher Beitrag","link":""},"img":{"alt_text":"","src":"","width":0,"height":0},"classes":[]},{"id":2919,"url":"https:\/\/web68688.ssd-space.de\/gospelvoices-buxtehude.pfweb.eu\/gospel-portale\/","url_meta":{"origin":2871,"position":1},"title":"Gospel-Portale","author":"Hauke Sumfleth","date":"14. Februar 2021","format":false,"excerpt":"Gospel Chor Maps Infos Events \u00a0","rel":"","context":"\u00c4hnlicher Beitrag","block_context":{"text":"\u00c4hnlicher Beitrag","link":""},"img":{"alt_text":"","src":"","width":0,"height":0},"classes":[]},{"id":1831,"url":"https:\/\/web68688.ssd-space.de\/gospelvoices-buxtehude.pfweb.eu\/ueber-uns\/chorchronik\/","url_meta":{"origin":2871,"position":2},"title":"Chorchronik","author":"Hauke Sumfleth","date":"8. Februar 2021","format":false,"excerpt":"Lust auf Gospel, Groove und Power Im Jahr 2002 wurden die \u201eSt. Paul\u2018s Gospel Voices\u201c gegr\u00fcndet\u201eWas halten Sie eigentlich von einem Gospelchor...?\u201c Fast wie aus einem Munde kam diese Frage von Matthias Richter und mir am Ewigkeits-Sonntag 2001 nach gemeinsamem Dienst auf dem Friedhof. Damals noch \u201eper Sie\u201c, trafen wir\u2026","rel":"","context":"\u00c4hnlicher Beitrag","block_context":{"text":"\u00c4hnlicher Beitrag","link":""},"img":{"alt_text":"Wie alles begann","src":"https:\/\/i0.wp.com\/web68688.ssd-space.de\/gospelvoices-buxtehude.pfweb.eu\/wp-content\/uploads\/2021\/02\/IMG_BT_26_09_2002-300x212.jpg?resize=350%2C200&ssl=1","width":350,"height":200},"classes":[]},{"id":108,"url":"https:\/\/web68688.ssd-space.de\/gospelvoices-buxtehude.pfweb.eu\/ueber-uns\/","url_meta":{"origin":2871,"position":3},"title":"\u00dcber Uns","author":"Hauke Sumfleth","date":"5. Februar 2021","format":false,"excerpt":"St. Paul's Gospel Voices wurden im August 2002 anl\u00e4sslich des 30. Jubil\u00e4ums der Paulus-Kirche Buxtehude gegr\u00fcndet. Schon zur Gr\u00fcndungs-Probe fanden sich ca. 80 sangesfreudige Gospel- und Spiritual- Freunde ein.Der Gospelchor, einstmals aus S\u00e4ngern mit sehrunterschiedlichen musikalischen Ausgangspunkten,entwickelte sich in den nunmehr fast 15 Jahren seines Bestehens zu einem zielorientiert arbeitenden\u2026","rel":"","context":"\u00c4hnlicher Beitrag","block_context":{"text":"\u00c4hnlicher Beitrag","link":""},"img":{"alt_text":"Weinfestgottesdienst St. Petri","src":"https:\/\/i0.wp.com\/web68688.ssd-space.de\/gospelvoices-buxtehude.pfweb.eu\/wp-content\/uploads\/2021\/02\/IMG_8264-300x200.jpg?resize=350%2C200&ssl=1","width":350,"height":200},"classes":[]},{"id":2296,"url":"https:\/\/web68688.ssd-space.de\/gospelvoices-buxtehude.pfweb.eu\/ueber-uns\/teams\/gewandmeisterinnen\/","url_meta":{"origin":2871,"position":4},"title":"Gewandmeisterinnen","author":"Hauke Sumfleth","date":"9. Februar 2021","format":false,"excerpt":"Gewandmeisterinnen Unsere jetzigen Chorroben werden individuell auf L\u00e4nge gebracht (kn\u00f6chellang - O-Ton ein Chorkollege: \"ich habe keinen Kn\u00f6chel - ich habe dort einen Knochen...\")Unsere \"Gewandmeisterinnen\" Brigitte Laurinat + Ilka Kuhn bei der AnprobeEin Dankesch\u00f6n an Renate Martens, ohne deren Engagement unsere bisherigen Roben niemals verwirklicht worden w\u00e4ren.... und die Geschichte\u2026","rel":"","context":"\u00c4hnlicher Beitrag","block_context":{"text":"\u00c4hnlicher Beitrag","link":""},"img":{"alt_text":"Anprobe","src":"https:\/\/i0.wp.com\/web68688.ssd-space.de\/gospelvoices-buxtehude.pfweb.eu\/wp-content\/uploads\/2021\/02\/Anprobe_10-199x300.jpg?resize=350%2C200&ssl=1","width":350,"height":200},"classes":[]},{"id":7397,"url":"https:\/\/web68688.ssd-space.de\/gospelvoices-buxtehude.pfweb.eu\/home\/","url_meta":{"origin":2871,"position":5},"title":"Home","author":"Hauke Sumfleth","date":"27. M\u00e4rz 2021","format":false,"excerpt":"Junge Mits\u00e4ngerInnen gesucht!Wir brauchen Euch junge Menschen ab 16 Jahren f\u00fcr eine gute Chor-Perspektive. Macht mit, singt mit, groovt mit, seid herzlich willkommen in unserer Mitte!Mir liegt sehr am Herzen, dass der in 12 Jahren seit seiner Gr\u00fcndung musikalisch fortgeschrittene Klangk\u00f6rper eine gute Perspektive hat und auch noch in der\u2026","rel":"","context":"\u00c4hnlicher Beitrag","block_context":{"text":"\u00c4hnlicher Beitrag","link":""},"img":{"alt_text":"St. Paul's Gospel Voices & Friends","src":"https:\/\/i0.wp.com\/web68688.ssd-space.de\/gospelvoices-buxtehude.pfweb.eu\/wp-content\/uploads\/2021\/02\/IMG_3771_opt-300x200.jpg?resize=350%2C200&ssl=1","width":350,"height":200},"classes":[]}],"jetpack_sharing_enabled":true,"_links":{"self":[{"href":"https:\/\/web68688.ssd-space.de\/gospelvoices-buxtehude.pfweb.eu\/wp-json\/wp\/v2\/pages\/2871","targetHints":{"allow":["GET"]}}],"collection":[{"href":"https:\/\/web68688.ssd-space.de\/gospelvoices-buxtehude.pfweb.eu\/wp-json\/wp\/v2\/pages"}],"about":[{"href":"https:\/\/web68688.ssd-space.de\/gospelvoices-buxtehude.pfweb.eu\/wp-json\/wp\/v2\/types\/page"}],"author":[{"embeddable":true,"href":"https:\/\/web68688.ssd-space.de\/gospelvoices-buxtehude.pfweb.eu\/wp-json\/wp\/v2\/users\/1"}],"replies":[{"embeddable":true,"href":"https:\/\/web68688.ssd-space.de\/gospelvoices-buxtehude.pfweb.eu\/wp-json\/wp\/v2\/comments?post=2871"}],"version-history":[{"count":4,"href":"https:\/\/web68688.ssd-space.de\/gospelvoices-buxtehude.pfweb.eu\/wp-json\/wp\/v2\/pages\/2871\/revisions"}],"predecessor-version":[{"id":2917,"href":"https:\/\/web68688.ssd-space.de\/gospelvoices-buxtehude.pfweb.eu\/wp-json\/wp\/v2\/pages\/2871\/revisions\/2917"}],"wp:attachment":[{"href":"https:\/\/web68688.ssd-space.de\/gospelvoices-buxtehude.pfweb.eu\/wp-json\/wp\/v2\/media?parent=2871"}],"curies":[{"name":"wp","href":"https:\/\/api.w.org\/{rel}","templated":true}]}}