{"id":2696,"date":"2021-02-13T19:08:39","date_gmt":"2021-02-13T18:08:39","guid":{"rendered":"https:\/\/gospelvoices-buxtehude.pfweb.eu\/wp\/?page_id=2696"},"modified":"2021-02-13T19:15:58","modified_gmt":"2021-02-13T18:15:58","slug":"kontakt-webmaster","status":"publish","type":"page","link":"https:\/\/web68688.ssd-space.de\/gospelvoices-buxtehude.pfweb.eu\/kontakt-webmaster\/","title":{"rendered":"Kontakt &#8211; Webmaster"},"content":{"rendered":"\t\t<div data-elementor-type=\"wp-page\" data-elementor-id=\"2696\" class=\"elementor elementor-2696\">\n\t\t\t\t\t\t<section class=\"elementor-section elementor-top-section elementor-element elementor-element-bbb13aa elementor-section-boxed elementor-section-height-default elementor-section-height-default\" data-id=\"bbb13aa\" data-element_type=\"section\" data-e-type=\"section\">\n\t\t\t\t\t\t<div class=\"elementor-container elementor-column-gap-default\">\n\t\t\t\t\t<div class=\"elementor-column elementor-col-100 elementor-top-column elementor-element elementor-element-6f7964b\" data-id=\"6f7964b\" data-element_type=\"column\" data-e-type=\"column\">\n\t\t\t<div class=\"elementor-widget-wrap elementor-element-populated\">\n\t\t\t\t\t\t<div class=\"elementor-element elementor-element-5bc2c3a elementor-widget elementor-widget-heading\" data-id=\"5bc2c3a\" data-element_type=\"widget\" data-e-type=\"widget\" data-widget_type=\"heading.default\">\n\t\t\t\t<div class=\"elementor-widget-container\">\n\t\t\t\t\t<h2 class=\"elementor-heading-title elementor-size-default\">Kontakt - Webmaster<\/h2>\t\t\t\t<\/div>\n\t\t\t\t<\/div>\n\t\t\t\t\t<\/div>\n\t\t<\/div>\n\t\t\t\t\t<\/div>\n\t\t<\/section>\n\t\t\t\t<section class=\"elementor-section elementor-top-section elementor-element elementor-element-59237b1 elementor-section-boxed elementor-section-height-default elementor-section-height-default\" data-id=\"59237b1\" data-element_type=\"section\" data-e-type=\"section\">\n\t\t\t\t\t\t<div class=\"elementor-container elementor-column-gap-default\">\n\t\t\t\t\t<div class=\"elementor-column elementor-col-100 elementor-top-column elementor-element elementor-element-0b4a0a1\" data-id=\"0b4a0a1\" data-element_type=\"column\" data-e-type=\"column\">\n\t\t\t<div class=\"elementor-widget-wrap elementor-element-populated\">\n\t\t\t\t\t\t<div class=\"elementor-element elementor-element-1fa071a elementor-widget__width-initial elementor-widget elementor-widget-text-editor\" data-id=\"1fa071a\" data-element_type=\"widget\" data-e-type=\"widget\" data-widget_type=\"text-editor.default\">\n\t\t\t\t<div class=\"elementor-widget-container\">\n\t\t\t\t\t\t\t\t\t<p><span class=\"contact-street\"><a href=\"https:\/\/i0.wp.com\/web68688.ssd-space.de\/gospelvoices-buxtehude.pfweb.eu\/wp-content\/uploads\/2021\/02\/Hauke_1.jpg?ssl=1\"><img decoding=\"async\" data-attachment-id=\"2089\" data-permalink=\"https:\/\/web68688.ssd-space.de\/gospelvoices-buxtehude.pfweb.eu\/hauke_1\/\" data-orig-file=\"https:\/\/i0.wp.com\/web68688.ssd-space.de\/gospelvoices-buxtehude.pfweb.eu\/wp-content\/uploads\/2021\/02\/Hauke_1.jpg?fit=158%2C200&amp;ssl=1?v=1614021785\" data-orig-size=\"158,200\" data-comments-opened=\"1\" data-image-meta=\"{&quot;aperture&quot;:&quot;4&quot;,&quot;credit&quot;:&quot;&quot;,&quot;camera&quot;:&quot;Canon EOS 650D&quot;,&quot;caption&quot;:&quot;&quot;,&quot;created_timestamp&quot;:&quot;1393107967&quot;,&quot;copyright&quot;:&quot;&quot;,&quot;focal_length&quot;:&quot;70&quot;,&quot;iso&quot;:&quot;1600&quot;,&quot;shutter_speed&quot;:&quot;0.01&quot;,&quot;title&quot;:&quot;&quot;,&quot;orientation&quot;:&quot;1&quot;}\" data-image-title=\"Hauke Sumfleth\" data-image-description=\"&lt;p&gt;Hauke Sumfleth&lt;\/p&gt;\n\" data-image-caption=\"\" data-medium-file=\"https:\/\/i0.wp.com\/web68688.ssd-space.de\/gospelvoices-buxtehude.pfweb.eu\/wp-content\/uploads\/2021\/02\/Hauke_1.jpg?fit=158%2C200&amp;ssl=1?v=1614021785\" data-large-file=\"https:\/\/i0.wp.com\/web68688.ssd-space.de\/gospelvoices-buxtehude.pfweb.eu\/wp-content\/uploads\/2021\/02\/Hauke_1.jpg?fit=158%2C200&amp;ssl=1?v=1614021785\" data-recalc-dims=\"1\" class=\"alignright size-full wp-image-2089\" src=\"https:\/\/i0.wp.com\/web68688.ssd-space.de\/gospelvoices-buxtehude.pfweb.eu\/wp-content\/uploads\/2021\/02\/Hauke_1.jpg?resize=158%2C200&#038;ssl=1\" alt=\"Hauke Sumfleth\" width=\"158\" height=\"200\" \/><\/a>Hauke Sumfleth<br \/>Orchideenstra\u00dfe 18a<br \/>21614 Buxtehude<\/span><\/p><p><span class=\"contact-telephone\">+49 4161 54952 <\/span><\/p><p>+49 152 568 906 08<\/p>\t\t\t\t\t\t\t\t<\/div>\n\t\t\t\t<\/div>\n\t\t\t\t\t<\/div>\n\t\t<\/div>\n\t\t\t\t\t<\/div>\n\t\t<\/section>\n\t\t\t\t<section class=\"elementor-section elementor-top-section elementor-element elementor-element-ca0d186 elementor-section-boxed elementor-section-height-default elementor-section-height-default\" data-id=\"ca0d186\" data-element_type=\"section\" data-e-type=\"section\">\n\t\t\t\t\t\t<div class=\"elementor-container elementor-column-gap-default\">\n\t\t\t\t\t<div class=\"elementor-column elementor-col-100 elementor-top-column elementor-element elementor-element-b8204ee\" data-id=\"b8204ee\" data-element_type=\"column\" data-e-type=\"column\">\n\t\t\t<div class=\"elementor-widget-wrap elementor-element-populated\">\n\t\t\t\t\t\t<div class=\"elementor-element elementor-element-3feca91 elementor-widget elementor-widget-text-editor\" data-id=\"3feca91\" data-element_type=\"widget\" data-e-type=\"widget\" data-widget_type=\"text-editor.default\">\n\t\t\t\t<div class=\"elementor-widget-container\">\n\t\t\t\t\t\t\t\t\t<p>[contact-form-7 id=&#8220;2707&#8243; title=&#8220;Webmaster&#8220;]<\/p>\t\t\t\t\t\t\t\t<\/div>\n\t\t\t\t<\/div>\n\t\t\t\t\t<\/div>\n\t\t<\/div>\n\t\t\t\t\t<\/div>\n\t\t<\/section>\n\t\t\t\t<\/div>\n\t\t","protected":false},"excerpt":{"rendered":"<p>Kontakt &#8211; Webmaster Hauke SumflethOrchideenstra\u00dfe 18a21614 Buxtehude +49 4161 54952 +49 152 568 906 08 [contact-form-7 id=&#8220;2707&#8243; title=&#8220;Webmaster&#8220;]<\/p>\n<div class=\"shariff shariff-align-flex-start shariff-widget-align-flex-start\"><ul class=\"shariff-buttons theme-default orientation-horizontal buttonsize-small\"><li class=\"shariff-button mastodon shariff-nocustomcolor\" style=\"background-color:#563ACC\"><a href=\"https:\/\/s2f.kytta.dev\/?text=Kontakt%20%E2%80%93%20Webmaster https%3A%2F%2Fweb68688.ssd-space.de%2Fgospelvoices-buxtehude.pfweb.eu%2Fkontakt-webmaster%2F\" title=\"Bei Mastodon teilen\" aria-label=\"Bei Mastodon teilen\" role=\"button\" rel=\"noopener nofollow\" class=\"shariff-link\" style=\"; background-color:#6364FF; color:#fff\" target=\"_blank\"><span class=\"shariff-icon\" style=\"\"><svg width=\"75\" height=\"79\" viewBox=\"0 0 75 79\" fill=\"none\" xmlns=\"http:\/\/www.w3.org\/2000\/svg\"><path d=\"M37.813-.025C32.462-.058 27.114.13 21.79.598c-8.544.621-17.214 5.58-20.203 13.931C-1.12 23.318.408 32.622.465 41.65c.375 7.316.943 14.78 3.392 21.73 4.365 9.465 14.781 14.537 24.782 15.385 7.64.698 15.761-.213 22.517-4.026a54.1 54.1 0 0 0 .01-6.232c-6.855 1.316-14.101 2.609-21.049 1.074-3.883-.88-6.876-4.237-7.25-8.215-1.53-3.988 3.78-.43 5.584-.883 9.048 1.224 18.282.776 27.303-.462 7.044-.837 14.26-4.788 16.65-11.833 2.263-6.135 1.215-12.79 1.698-19.177.06-3.84.09-7.692-.262-11.52C72.596 7.844 63.223.981 53.834.684a219.453 219.453 0 0 0-16.022-.71zm11.294 12.882c5.5-.067 10.801 4.143 11.67 9.653.338 1.48.471 3 .471 4.515v21.088h-8.357c-.07-7.588.153-15.182-.131-22.765-.587-4.368-7.04-5.747-9.672-2.397-2.422 3.04-1.47 7.155-1.67 10.735v6.392h-8.307c-.146-4.996.359-10.045-.404-15.002-1.108-4.218-7.809-5.565-10.094-1.666-1.685 3.046-.712 6.634-.976 9.936v14.767h-8.354c.109-8.165-.238-16.344.215-24.5.674-5.346 5.095-10.389 10.676-10.627 4.902-.739 10.103 2.038 12.053 6.631.375 1.435 1.76 1.932 1.994.084 1.844-3.704 5.501-6.739 9.785-6.771.367-.044.735-.068 1.101-.073z\"\/><defs><linearGradient id=\"paint0_linear_549_34\" x1=\"37.0692\" y1=\"0\" x2=\"37.0692\" y2=\"79\" gradientUnits=\"userSpaceOnUse\"><stop stop-color=\"#6364FF\"\/><stop offset=\"1\" stop-color=\"#563ACC\"\/><\/linearGradient><\/defs><\/svg><\/span><span class=\"shariff-text\">teilen<\/span>&nbsp;<\/a><\/li><li class=\"shariff-button facebook shariff-nocustomcolor\" style=\"background-color:#4273c8\"><a href=\"https:\/\/www.facebook.com\/sharer\/sharer.php?u=https%3A%2F%2Fweb68688.ssd-space.de%2Fgospelvoices-buxtehude.pfweb.eu%2Fkontakt-webmaster%2F\" title=\"Bei Facebook teilen\" aria-label=\"Bei Facebook teilen\" role=\"button\" rel=\"nofollow\" class=\"shariff-link\" style=\"; background-color:#3b5998; color:#fff\" target=\"_blank\"><span class=\"shariff-icon\" style=\"\"><svg width=\"32px\" height=\"20px\" xmlns=\"http:\/\/www.w3.org\/2000\/svg\" viewBox=\"0 0 18 32\"><path fill=\"#3b5998\" d=\"M17.1 0.2v4.7h-2.8q-1.5 0-2.1 0.6t-0.5 1.9v3.4h5.2l-0.7 5.3h-4.5v13.6h-5.5v-13.6h-4.5v-5.3h4.5v-3.9q0-3.3 1.9-5.2t5-1.8q2.6 0 4.1 0.2z\"\/><\/svg><\/span><span class=\"shariff-text\">teilen<\/span>&nbsp;<\/a><\/li><li class=\"shariff-button linkedin shariff-nocustomcolor\" style=\"background-color:#1488bf\"><a href=\"https:\/\/www.linkedin.com\/sharing\/share-offsite\/?url=https%3A%2F%2Fweb68688.ssd-space.de%2Fgospelvoices-buxtehude.pfweb.eu%2Fkontakt-webmaster%2F\" title=\"Bei LinkedIn teilen\" aria-label=\"Bei LinkedIn teilen\" role=\"button\" rel=\"noopener nofollow\" class=\"shariff-link\" style=\"; background-color:#0077b5; color:#fff\" target=\"_blank\"><span class=\"shariff-icon\" style=\"\"><svg width=\"32px\" height=\"20px\" xmlns=\"http:\/\/www.w3.org\/2000\/svg\" viewBox=\"0 0 27 32\"><path fill=\"#0077b5\" d=\"M6.2 11.2v17.7h-5.9v-17.7h5.9zM6.6 5.7q0 1.3-0.9 2.2t-2.4 0.9h0q-1.5 0-2.4-0.9t-0.9-2.2 0.9-2.2 2.4-0.9 2.4 0.9 0.9 2.2zM27.4 18.7v10.1h-5.9v-9.5q0-1.9-0.7-2.9t-2.3-1.1q-1.1 0-1.9 0.6t-1.2 1.5q-0.2 0.5-0.2 1.4v9.9h-5.9q0-7.1 0-11.6t0-5.3l0-0.9h5.9v2.6h0q0.4-0.6 0.7-1t1-0.9 1.6-0.8 2-0.3q3 0 4.9 2t1.9 6z\"\/><\/svg><\/span><span class=\"shariff-text\">teilen<\/span>&nbsp;<\/a><\/li><li class=\"shariff-button info shariff-nocustomcolor\" style=\"background-color:#eee\"><a href=\"http:\/\/ct.de\/-2467514\" title=\"Weitere Informationen\" aria-label=\"Weitere Informationen\" role=\"button\" rel=\"noopener \" class=\"shariff-link\" style=\"; background-color:#fff; color:#fff\" target=\"_blank\"><span class=\"shariff-icon\" style=\"\"><svg width=\"32px\" height=\"20px\" xmlns=\"http:\/\/www.w3.org\/2000\/svg\" viewBox=\"0 0 11 32\"><path fill=\"#999\" d=\"M11.4 24v2.3q0 0.5-0.3 0.8t-0.8 0.4h-9.1q-0.5 0-0.8-0.4t-0.4-0.8v-2.3q0-0.5 0.4-0.8t0.8-0.4h1.1v-6.8h-1.1q-0.5 0-0.8-0.4t-0.4-0.8v-2.3q0-0.5 0.4-0.8t0.8-0.4h6.8q0.5 0 0.8 0.4t0.4 0.8v10.3h1.1q0.5 0 0.8 0.4t0.3 0.8zM9.2 3.4v3.4q0 0.5-0.4 0.8t-0.8 0.4h-4.6q-0.4 0-0.8-0.4t-0.4-0.8v-3.4q0-0.4 0.4-0.8t0.8-0.4h4.6q0.5 0 0.8 0.4t0.4 0.8z\"\/><\/svg><\/span><\/a><\/li><\/ul><\/div>","protected":false},"author":1,"featured_media":0,"parent":0,"menu_order":0,"comment_status":"open","ping_status":"closed","template":"","meta":{"site-sidebar-layout":"default","site-content-layout":"default","ast-site-content-layout":"default","site-content-style":"default","site-sidebar-style":"default","ast-global-header-display":"","ast-banner-title-visibility":"","ast-main-header-display":"","ast-hfb-above-header-display":"","ast-hfb-below-header-display":"","ast-hfb-mobile-header-display":"","site-post-title":"disabled","ast-breadcrumbs-content":"","ast-featured-img":"","footer-sml-layout":"","ast-disable-related-posts":"","theme-transparent-header-meta":"default","adv-header-id-meta":"","stick-header-meta":"","header-above-stick-meta":"","header-main-stick-meta":"","header-below-stick-meta":"","astra-migrate-meta-layouts":"default","ast-page-background-enabled":"default","ast-page-background-meta":{"desktop":{"background-color":"","background-image":"","background-repeat":"repeat","background-position":"center center","background-size":"auto","background-attachment":"scroll","background-type":"","background-media":"","overlay-type":"","overlay-color":"","overlay-opacity":"","overlay-gradient":""},"tablet":{"background-color":"","background-image":"","background-repeat":"repeat","background-position":"center center","background-size":"auto","background-attachment":"scroll","background-type":"","background-media":"","overlay-type":"","overlay-color":"","overlay-opacity":"","overlay-gradient":""},"mobile":{"background-color":"","background-image":"","background-repeat":"repeat","background-position":"center center","background-size":"auto","background-attachment":"scroll","background-type":"","background-media":"","overlay-type":"","overlay-color":"","overlay-opacity":"","overlay-gradient":""}},"ast-content-background-meta":{"desktop":{"background-color":"var(--ast-global-color-5)","background-image":"","background-repeat":"repeat","background-position":"center center","background-size":"auto","background-attachment":"scroll","background-type":"","background-media":"","overlay-type":"","overlay-color":"","overlay-opacity":"","overlay-gradient":""},"tablet":{"background-color":"var(--ast-global-color-5)","background-image":"","background-repeat":"repeat","background-position":"center center","background-size":"auto","background-attachment":"scroll","background-type":"","background-media":"","overlay-type":"","overlay-color":"","overlay-opacity":"","overlay-gradient":""},"mobile":{"background-color":"var(--ast-global-color-5)","background-image":"","background-repeat":"repeat","background-position":"center center","background-size":"auto","background-attachment":"scroll","background-type":"","background-media":"","overlay-type":"","overlay-color":"","overlay-opacity":"","overlay-gradient":""}},"advanced_seo_description":"","jetpack_seo_html_title":"","jetpack_seo_noindex":false,"footnotes":""},"class_list":["post-2696","page","type-page","status-publish","hentry"],"jetpack-related-posts":[{"id":33,"url":"https:\/\/web68688.ssd-space.de\/gospelvoices-buxtehude.pfweb.eu\/impressum\/","url_meta":{"origin":2696,"position":0},"title":"Impressum","author":"Hauke Sumfleth","date":"4. Februar 2021","format":false,"excerpt":"Angaben gem\u00e4\u00df \u00a7 5 TMG: St. Paul's Gospelvoices - Chorleiterin Katrin G\u00f6tzF\u00f6rderkreis St.Pauls GospelvoicesFinkenstra\u00dfe 5321614 Buxtehude Kontakt: Telefon: 04161\/597650 Telefax: \u00a0 E-Mail: k.goetz@mailbox.org Verantwortlich f\u00fcr den Inhalt nach \u00a7 55 Abs. 2 RStV: Webmaster \/ RedaktionHauke SumflethOrchideenstr. 18a21614 Buxtehude webmaster@gospelvoices-buxtehude.de Quelle: http:\/\/www.e-recht24.de","rel":"","context":"\u00c4hnlicher Beitrag","block_context":{"text":"\u00c4hnlicher Beitrag","link":""},"img":{"alt_text":"","src":"","width":0,"height":0},"classes":[]},{"id":2426,"url":"https:\/\/web68688.ssd-space.de\/gospelvoices-buxtehude.pfweb.eu\/redaktion-webmaster\/","url_meta":{"origin":2696,"position":1},"title":"Redaktion \/ Webmaster","author":"Hauke Sumfleth","date":"10. Februar 2021","format":false,"excerpt":"Redaktion \/ Webmaster Gesucht werden Fotos von Auftritten, Proben, Sonderproben, etc. Bitte senden oder \u00fcbergeben an: Heidrun Ohrloff redaktion@gospelvoices-buxtehude.deoder an: Hauke Sumflethwebmaster@gospelvoices-buxtehude.deEin Dankesch\u00f6n an den bisherigen Webmaster, Eckhard Bartel, der die Homepage \u00fcber viele Jahre betreut hat.","rel":"","context":"\u00c4hnlicher Beitrag","block_context":{"text":"\u00c4hnlicher Beitrag","link":""},"img":{"alt_text":"Hauke Sumfleth","src":"https:\/\/i0.wp.com\/web68688.ssd-space.de\/gospelvoices-buxtehude.pfweb.eu\/wp-content\/uploads\/2021\/02\/Hauke_1.jpg?resize=350%2C200&ssl=1","width":350,"height":200},"classes":[]},{"id":2569,"url":"https:\/\/web68688.ssd-space.de\/gospelvoices-buxtehude.pfweb.eu\/kontakt\/","url_meta":{"origin":2696,"position":2},"title":"Kontakt","author":"Hauke Sumfleth","date":"12. Februar 2021","format":false,"excerpt":"Kontakt [contact-form-7 id=\"2568\" title=\"Kontakt\"]","rel":"","context":"\u00c4hnlicher Beitrag","block_context":{"text":"\u00c4hnlicher Beitrag","link":""},"img":{"alt_text":"","src":"","width":0,"height":0},"classes":[]},{"id":2679,"url":"https:\/\/web68688.ssd-space.de\/gospelvoices-buxtehude.pfweb.eu\/kontakt-redaktion\/","url_meta":{"origin":2696,"position":3},"title":"Kontakt &#8211; Redaktion","author":"Hauke Sumfleth","date":"13. Februar 2021","format":false,"excerpt":"Kontakt - Redaktion Finkenstra\u00dfe21614 Buxtehude [contact-form-7 id=\"2672\" title=\"Redaktion\"]","rel":"","context":"\u00c4hnlicher Beitrag","block_context":{"text":"\u00c4hnlicher Beitrag","link":""},"img":{"alt_text":"Heidrun","src":"https:\/\/i0.wp.com\/web68688.ssd-space.de\/gospelvoices-buxtehude.pfweb.eu\/wp-content\/uploads\/2021\/02\/Heidrun-243x300.jpg?resize=350%2C200&ssl=1","width":350,"height":200},"classes":[]},{"id":2578,"url":"https:\/\/web68688.ssd-space.de\/gospelvoices-buxtehude.pfweb.eu\/kontakt-chorleitung\/","url_meta":{"origin":2696,"position":4},"title":"Kontakt &#8211; Chorleitung","author":"Hauke Sumfleth","date":"13. Februar 2021","format":false,"excerpt":"Kontakt - Chorleitung Katrin G\u00f6tzFinkenstr. 9a21614 Buxtehude.Tel. +494161597650info@gospelvoices-buxtehude.de[contact-form-7 id=\"2577\" title=\"Chorleitung\"]","rel":"","context":"\u00c4hnlicher Beitrag","block_context":{"text":"\u00c4hnlicher Beitrag","link":""},"img":{"alt_text":"Chorleiterin Katrin G\u00f6tz","src":"https:\/\/i0.wp.com\/web68688.ssd-space.de\/gospelvoices-buxtehude.pfweb.eu\/wp-content\/uploads\/2021\/02\/Katrin_G_21-200x300.jpg?resize=350%2C200&ssl=1","width":350,"height":200},"classes":[]},{"id":3,"url":"https:\/\/web68688.ssd-space.de\/gospelvoices-buxtehude.pfweb.eu\/datenschutzerklaerung\/","url_meta":{"origin":2696,"position":5},"title":"Datenschutzerkl\u00e4rung","author":"Hauke Sumfleth","date":"3. Februar 2021","format":false,"excerpt":"Die Betreiber dieser Seiten nehmenden Schutz Ihrer pers\u00f6nlichen Daten sehr ernst. Wir behandeln Ihre personenbezogenen Datenvertraulich und entsprechend der gesetzlichen Datenschutzvorschriften sowie dieserDatenschutzerkl\u00e4rung. Die Nutzung unserer Website ist in der Regel ohne Angabepersonenbezogener Daten m\u00f6glich. Soweit auf unseren Seiten personenbezogene Daten(beispielsweise Name, Anschrift oder E-Mail-Adressen) erhoben werden, erfolgt dies, soweitm\u00f6glich,\u2026","rel":"","context":"\u00c4hnlicher Beitrag","block_context":{"text":"\u00c4hnlicher Beitrag","link":""},"img":{"alt_text":"","src":"","width":0,"height":0},"classes":[]}],"jetpack_sharing_enabled":true,"_links":{"self":[{"href":"https:\/\/web68688.ssd-space.de\/gospelvoices-buxtehude.pfweb.eu\/wp-json\/wp\/v2\/pages\/2696","targetHints":{"allow":["GET"]}}],"collection":[{"href":"https:\/\/web68688.ssd-space.de\/gospelvoices-buxtehude.pfweb.eu\/wp-json\/wp\/v2\/pages"}],"about":[{"href":"https:\/\/web68688.ssd-space.de\/gospelvoices-buxtehude.pfweb.eu\/wp-json\/wp\/v2\/types\/page"}],"author":[{"embeddable":true,"href":"https:\/\/web68688.ssd-space.de\/gospelvoices-buxtehude.pfweb.eu\/wp-json\/wp\/v2\/users\/1"}],"replies":[{"embeddable":true,"href":"https:\/\/web68688.ssd-space.de\/gospelvoices-buxtehude.pfweb.eu\/wp-json\/wp\/v2\/comments?post=2696"}],"version-history":[{"count":13,"href":"https:\/\/web68688.ssd-space.de\/gospelvoices-buxtehude.pfweb.eu\/wp-json\/wp\/v2\/pages\/2696\/revisions"}],"predecessor-version":[{"id":2710,"href":"https:\/\/web68688.ssd-space.de\/gospelvoices-buxtehude.pfweb.eu\/wp-json\/wp\/v2\/pages\/2696\/revisions\/2710"}],"wp:attachment":[{"href":"https:\/\/web68688.ssd-space.de\/gospelvoices-buxtehude.pfweb.eu\/wp-json\/wp\/v2\/media?parent=2696"}],"curies":[{"name":"wp","href":"https:\/\/api.w.org\/{rel}","templated":true}]}}