{"id":1923,"date":"2023-07-29T18:53:02","date_gmt":"2023-07-29T16:53:02","guid":{"rendered":"https:\/\/ahnenforscherbuxtehude.pfweb.eu\/?page_id=1923"},"modified":"2025-04-09T20:07:03","modified_gmt":"2025-04-09T18:07:03","slug":"ahnenforscher-im-norden","status":"publish","type":"page","link":"https:\/\/web68688.ssd-space.de\/ahnenforscherbuxtehude.pfweb.eu\/ahnenforscher-im-norden\/","title":{"rendered":"Ahnenforscher im Norden"},"content":{"rendered":"\n<p>Eine Auswahl von Links zu Websites von Ahnenforschern aus <br>Schleswig-Holstein und dem Elbe-Weser-Dreieck<\/p>\n\n\n\n<h3 class=\"wp-block-heading\"><a href=\"https:\/\/aggsh.net\/index.php\/verein\/wir-im-norden-karte\" data-type=\"URL\" data-id=\"https:\/\/aggsh.net\/index.php\/verein\/wir-im-norden-karte\" target=\"_blank\" rel=\"noreferrer noopener\">Karte der Nordvereine<\/a><\/h3>\n\n\n\n<h3 class=\"wp-block-heading\"><a href=\"https:\/\/www.genealogie-dithmarschen.de\/\" data-type=\"URL\" data-id=\"https:\/\/www.genealogie-dithmarschen.de\/\" target=\"_blank\" rel=\"noreferrer noopener\">Arbeitskreis Familienforschung Dithmarschen<br>im Verein f\u00fcr Dithmarscher Landeskunde e.V.<\/a><\/h3>\n\n\n\n<h3 class=\"wp-block-heading\"><a href=\"https:\/\/web68688.ssd-space.de\/ahnenforscherbuxtehude.pfweb.eu\/ahnenforschergruppe-fuer-die-oste-und-wuemmeregion-in-sittensen\/\" data-type=\"URL\" data-id=\"https:\/\/web68688.ssd-space.de\/ahnenforscherbuxtehude.pfweb.eu\/ahnenforschergruppe-fuer-die-oste-und-wuemmeregion-in-sittensen\/\" target=\"_blank\" rel=\"noreferrer noopener\">Ahnenforschergruppe f\u00fcr die <br>Oste- und W\u00fcmmeregion in Sittensen<\/a><\/h3>\n\n\n\n<h3 class=\"wp-block-heading\"><a href=\"https:\/\/web68688.ssd-space.de\/ahnenforscherbuxtehude.pfweb.eu\/familienforschung-niederelbe\/\" data-type=\"page\" data-id=\"2767\" target=\"_blank\" rel=\"noreferrer noopener\">FAMILIENFORSCHUNG Niederelbe<\/a><\/h3>\n\n\n\n<p><\/p>\n<div class=\"shariff shariff-align-flex-start shariff-widget-align-flex-start\"><ul class=\"shariff-buttons theme-grey orientation-horizontal buttonsize-small\"><li class=\"shariff-button mastodon shariff-nocustomcolor\" style=\"background-color:#563ACC\"><a href=\"https:\/\/s2f.kytta.dev\/?text=Ahnenforscher%20im%20Norden https%3A%2F%2Fweb68688.ssd-space.de%2Fahnenforscherbuxtehude.pfweb.eu%2Fahnenforscher-im-norden%2F\" title=\"Bei Mastodon teilen\" aria-label=\"Bei Mastodon teilen\" role=\"button\" rel=\"noopener nofollow\" class=\"shariff-link\" style=\"; background-color:#6364FF; color:#fff\" target=\"_blank\"><span class=\"shariff-icon\" style=\"\"><svg width=\"75\" height=\"79\" viewBox=\"0 0 75 79\" fill=\"none\" xmlns=\"http:\/\/www.w3.org\/2000\/svg\"><path d=\"M37.813-.025C32.462-.058 27.114.13 21.79.598c-8.544.621-17.214 5.58-20.203 13.931C-1.12 23.318.408 32.622.465 41.65c.375 7.316.943 14.78 3.392 21.73 4.365 9.465 14.781 14.537 24.782 15.385 7.64.698 15.761-.213 22.517-4.026a54.1 54.1 0 0 0 .01-6.232c-6.855 1.316-14.101 2.609-21.049 1.074-3.883-.88-6.876-4.237-7.25-8.215-1.53-3.988 3.78-.43 5.584-.883 9.048 1.224 18.282.776 27.303-.462 7.044-.837 14.26-4.788 16.65-11.833 2.263-6.135 1.215-12.79 1.698-19.177.06-3.84.09-7.692-.262-11.52C72.596 7.844 63.223.981 53.834.684a219.453 219.453 0 0 0-16.022-.71zm11.294 12.882c5.5-.067 10.801 4.143 11.67 9.653.338 1.48.471 3 .471 4.515v21.088h-8.357c-.07-7.588.153-15.182-.131-22.765-.587-4.368-7.04-5.747-9.672-2.397-2.422 3.04-1.47 7.155-1.67 10.735v6.392h-8.307c-.146-4.996.359-10.045-.404-15.002-1.108-4.218-7.809-5.565-10.094-1.666-1.685 3.046-.712 6.634-.976 9.936v14.767h-8.354c.109-8.165-.238-16.344.215-24.5.674-5.346 5.095-10.389 10.676-10.627 4.902-.739 10.103 2.038 12.053 6.631.375 1.435 1.76 1.932 1.994.084 1.844-3.704 5.501-6.739 9.785-6.771.367-.044.735-.068 1.101-.073z\"\/><defs><linearGradient id=\"paint0_linear_549_34\" x1=\"37.0692\" y1=\"0\" x2=\"37.0692\" y2=\"79\" gradientUnits=\"userSpaceOnUse\"><stop stop-color=\"#6364FF\"\/><stop offset=\"1\" stop-color=\"#563ACC\"\/><\/linearGradient><\/defs><\/svg><\/span><span class=\"shariff-text\">teilen<\/span>&nbsp;<\/a><\/li><li class=\"shariff-button facebook shariff-nocustomcolor\" style=\"background-color:#4273c8\"><a href=\"https:\/\/www.facebook.com\/sharer\/sharer.php?u=https%3A%2F%2Fweb68688.ssd-space.de%2Fahnenforscherbuxtehude.pfweb.eu%2Fahnenforscher-im-norden%2F\" title=\"Bei Facebook teilen\" aria-label=\"Bei Facebook teilen\" role=\"button\" rel=\"nofollow\" class=\"shariff-link\" style=\"; background-color:#3b5998; color:#fff\" target=\"_blank\"><span class=\"shariff-icon\" style=\"\"><svg width=\"32px\" height=\"20px\" xmlns=\"http:\/\/www.w3.org\/2000\/svg\" viewBox=\"0 0 18 32\"><path fill=\"#3b5998\" d=\"M17.1 0.2v4.7h-2.8q-1.5 0-2.1 0.6t-0.5 1.9v3.4h5.2l-0.7 5.3h-4.5v13.6h-5.5v-13.6h-4.5v-5.3h4.5v-3.9q0-3.3 1.9-5.2t5-1.8q2.6 0 4.1 0.2z\"\/><\/svg><\/span><span class=\"shariff-text\">teilen<\/span>&nbsp;<\/a><\/li><li class=\"shariff-button linkedin shariff-nocustomcolor\" style=\"background-color:#1488bf\"><a href=\"https:\/\/www.linkedin.com\/sharing\/share-offsite\/?url=https%3A%2F%2Fweb68688.ssd-space.de%2Fahnenforscherbuxtehude.pfweb.eu%2Fahnenforscher-im-norden%2F\" title=\"Bei LinkedIn teilen\" aria-label=\"Bei LinkedIn teilen\" role=\"button\" rel=\"noopener nofollow\" class=\"shariff-link\" style=\"; background-color:#0077b5; color:#fff\" target=\"_blank\"><span class=\"shariff-icon\" style=\"\"><svg width=\"32px\" height=\"20px\" xmlns=\"http:\/\/www.w3.org\/2000\/svg\" viewBox=\"0 0 27 32\"><path fill=\"#0077b5\" d=\"M6.2 11.2v17.7h-5.9v-17.7h5.9zM6.6 5.7q0 1.3-0.9 2.2t-2.4 0.9h0q-1.5 0-2.4-0.9t-0.9-2.2 0.9-2.2 2.4-0.9 2.4 0.9 0.9 2.2zM27.4 18.7v10.1h-5.9v-9.5q0-1.9-0.7-2.9t-2.3-1.1q-1.1 0-1.9 0.6t-1.2 1.5q-0.2 0.5-0.2 1.4v9.9h-5.9q0-7.1 0-11.6t0-5.3l0-0.9h5.9v2.6h0q0.4-0.6 0.7-1t1-0.9 1.6-0.8 2-0.3q3 0 4.9 2t1.9 6z\"\/><\/svg><\/span><span class=\"shariff-text\">teilen<\/span>&nbsp;<\/a><\/li><li class=\"shariff-button info shariff-nocustomcolor\" style=\"background-color:#a8a8a8\"><a href=\"http:\/\/ct.de\/-2467514\" title=\"Weitere Informationen\" aria-label=\"Weitere Informationen\" role=\"button\" rel=\"noopener \" class=\"shariff-link\" style=\"; background-color:#999; color:#fff\" target=\"_blank\"><span class=\"shariff-icon\" style=\"\"><svg width=\"32px\" height=\"20px\" xmlns=\"http:\/\/www.w3.org\/2000\/svg\" viewBox=\"0 0 11 32\"><path fill=\"#999\" d=\"M11.4 24v2.3q0 0.5-0.3 0.8t-0.8 0.4h-9.1q-0.5 0-0.8-0.4t-0.4-0.8v-2.3q0-0.5 0.4-0.8t0.8-0.4h1.1v-6.8h-1.1q-0.5 0-0.8-0.4t-0.4-0.8v-2.3q0-0.5 0.4-0.8t0.8-0.4h6.8q0.5 0 0.8 0.4t0.4 0.8v10.3h1.1q0.5 0 0.8 0.4t0.3 0.8zM9.2 3.4v3.4q0 0.5-0.4 0.8t-0.8 0.4h-4.6q-0.4 0-0.8-0.4t-0.4-0.8v-3.4q0-0.4 0.4-0.8t0.8-0.4h4.6q0.5 0 0.8 0.4t0.4 0.8z\"\/><\/svg><\/span><\/a><\/li><\/ul><\/div>","protected":false},"excerpt":{"rendered":"<p>Eine Auswahl von Links zu Websites von Ahnenforschern aus Schleswig-Holstein und dem Elbe-Weser-Dreieck Karte der Nordvereine Arbeitskreis Familienforschung Dithmarschenim Verein f\u00fcr Dithmarscher Landeskunde e.V. Ahnenforschergruppe f\u00fcr die Oste- und W\u00fcmmeregion in Sittensen FAMILIENFORSCHUNG Niederelbe<\/p>\n<div class=\"shariff shariff-align-flex-start shariff-widget-align-flex-start\"><ul class=\"shariff-buttons theme-grey orientation-horizontal buttonsize-small\"><li class=\"shariff-button mastodon shariff-nocustomcolor\" style=\"background-color:#563ACC\"><a href=\"https:\/\/s2f.kytta.dev\/?text=Ahnenforscher%20im%20Norden https%3A%2F%2Fweb68688.ssd-space.de%2Fahnenforscherbuxtehude.pfweb.eu%2Fahnenforscher-im-norden%2F\" title=\"Bei Mastodon teilen\" aria-label=\"Bei Mastodon teilen\" role=\"button\" rel=\"noopener nofollow\" class=\"shariff-link\" style=\"; background-color:#6364FF; color:#fff\" target=\"_blank\"><span class=\"shariff-icon\" style=\"\"><svg width=\"75\" height=\"79\" viewBox=\"0 0 75 79\" fill=\"none\" xmlns=\"http:\/\/www.w3.org\/2000\/svg\"><path d=\"M37.813-.025C32.462-.058 27.114.13 21.79.598c-8.544.621-17.214 5.58-20.203 13.931C-1.12 23.318.408 32.622.465 41.65c.375 7.316.943 14.78 3.392 21.73 4.365 9.465 14.781 14.537 24.782 15.385 7.64.698 15.761-.213 22.517-4.026a54.1 54.1 0 0 0 .01-6.232c-6.855 1.316-14.101 2.609-21.049 1.074-3.883-.88-6.876-4.237-7.25-8.215-1.53-3.988 3.78-.43 5.584-.883 9.048 1.224 18.282.776 27.303-.462 7.044-.837 14.26-4.788 16.65-11.833 2.263-6.135 1.215-12.79 1.698-19.177.06-3.84.09-7.692-.262-11.52C72.596 7.844 63.223.981 53.834.684a219.453 219.453 0 0 0-16.022-.71zm11.294 12.882c5.5-.067 10.801 4.143 11.67 9.653.338 1.48.471 3 .471 4.515v21.088h-8.357c-.07-7.588.153-15.182-.131-22.765-.587-4.368-7.04-5.747-9.672-2.397-2.422 3.04-1.47 7.155-1.67 10.735v6.392h-8.307c-.146-4.996.359-10.045-.404-15.002-1.108-4.218-7.809-5.565-10.094-1.666-1.685 3.046-.712 6.634-.976 9.936v14.767h-8.354c.109-8.165-.238-16.344.215-24.5.674-5.346 5.095-10.389 10.676-10.627 4.902-.739 10.103 2.038 12.053 6.631.375 1.435 1.76 1.932 1.994.084 1.844-3.704 5.501-6.739 9.785-6.771.367-.044.735-.068 1.101-.073z\"\/><defs><linearGradient id=\"paint0_linear_549_34\" x1=\"37.0692\" y1=\"0\" x2=\"37.0692\" y2=\"79\" gradientUnits=\"userSpaceOnUse\"><stop stop-color=\"#6364FF\"\/><stop offset=\"1\" stop-color=\"#563ACC\"\/><\/linearGradient><\/defs><\/svg><\/span><span class=\"shariff-text\">teilen<\/span>&nbsp;<\/a><\/li><li class=\"shariff-button facebook shariff-nocustomcolor\" style=\"background-color:#4273c8\"><a href=\"https:\/\/www.facebook.com\/sharer\/sharer.php?u=https%3A%2F%2Fweb68688.ssd-space.de%2Fahnenforscherbuxtehude.pfweb.eu%2Fahnenforscher-im-norden%2F\" title=\"Bei Facebook teilen\" aria-label=\"Bei Facebook teilen\" role=\"button\" rel=\"nofollow\" class=\"shariff-link\" style=\"; background-color:#3b5998; color:#fff\" target=\"_blank\"><span class=\"shariff-icon\" style=\"\"><svg width=\"32px\" height=\"20px\" xmlns=\"http:\/\/www.w3.org\/2000\/svg\" viewBox=\"0 0 18 32\"><path fill=\"#3b5998\" d=\"M17.1 0.2v4.7h-2.8q-1.5 0-2.1 0.6t-0.5 1.9v3.4h5.2l-0.7 5.3h-4.5v13.6h-5.5v-13.6h-4.5v-5.3h4.5v-3.9q0-3.3 1.9-5.2t5-1.8q2.6 0 4.1 0.2z\"\/><\/svg><\/span><span class=\"shariff-text\">teilen<\/span>&nbsp;<\/a><\/li><li class=\"shariff-button linkedin shariff-nocustomcolor\" style=\"background-color:#1488bf\"><a href=\"https:\/\/www.linkedin.com\/sharing\/share-offsite\/?url=https%3A%2F%2Fweb68688.ssd-space.de%2Fahnenforscherbuxtehude.pfweb.eu%2Fahnenforscher-im-norden%2F\" title=\"Bei LinkedIn teilen\" aria-label=\"Bei LinkedIn teilen\" role=\"button\" rel=\"noopener nofollow\" class=\"shariff-link\" style=\"; background-color:#0077b5; color:#fff\" target=\"_blank\"><span class=\"shariff-icon\" style=\"\"><svg width=\"32px\" height=\"20px\" xmlns=\"http:\/\/www.w3.org\/2000\/svg\" viewBox=\"0 0 27 32\"><path fill=\"#0077b5\" d=\"M6.2 11.2v17.7h-5.9v-17.7h5.9zM6.6 5.7q0 1.3-0.9 2.2t-2.4 0.9h0q-1.5 0-2.4-0.9t-0.9-2.2 0.9-2.2 2.4-0.9 2.4 0.9 0.9 2.2zM27.4 18.7v10.1h-5.9v-9.5q0-1.9-0.7-2.9t-2.3-1.1q-1.1 0-1.9 0.6t-1.2 1.5q-0.2 0.5-0.2 1.4v9.9h-5.9q0-7.1 0-11.6t0-5.3l0-0.9h5.9v2.6h0q0.4-0.6 0.7-1t1-0.9 1.6-0.8 2-0.3q3 0 4.9 2t1.9 6z\"\/><\/svg><\/span><span class=\"shariff-text\">teilen<\/span>&nbsp;<\/a><\/li><li class=\"shariff-button info shariff-nocustomcolor\" style=\"background-color:#a8a8a8\"><a href=\"http:\/\/ct.de\/-2467514\" title=\"Weitere Informationen\" aria-label=\"Weitere Informationen\" role=\"button\" rel=\"noopener \" class=\"shariff-link\" style=\"; background-color:#999; color:#fff\" target=\"_blank\"><span class=\"shariff-icon\" style=\"\"><svg width=\"32px\" height=\"20px\" xmlns=\"http:\/\/www.w3.org\/2000\/svg\" viewBox=\"0 0 11 32\"><path fill=\"#999\" d=\"M11.4 24v2.3q0 0.5-0.3 0.8t-0.8 0.4h-9.1q-0.5 0-0.8-0.4t-0.4-0.8v-2.3q0-0.5 0.4-0.8t0.8-0.4h1.1v-6.8h-1.1q-0.5 0-0.8-0.4t-0.4-0.8v-2.3q0-0.5 0.4-0.8t0.8-0.4h6.8q0.5 0 0.8 0.4t0.4 0.8v10.3h1.1q0.5 0 0.8 0.4t0.3 0.8zM9.2 3.4v3.4q0 0.5-0.4 0.8t-0.8 0.4h-4.6q-0.4 0-0.8-0.4t-0.4-0.8v-3.4q0-0.4 0.4-0.8t0.8-0.4h4.6q0.5 0 0.8 0.4t0.4 0.8z\"\/><\/svg><\/span><\/a><\/li><\/ul><\/div>","protected":false},"author":1,"featured_media":0,"parent":0,"menu_order":0,"comment_status":"open","ping_status":"closed","template":"full-width-page.php","meta":{"footnotes":""},"tags":[],"class_list":["post-1923","page","type-page","status-publish","hentry"],"jetpack-related-posts":[{"id":1931,"url":"https:\/\/web68688.ssd-space.de\/ahnenforscherbuxtehude.pfweb.eu\/ahnenforschergruppe-fuer-die-oste-und-wuemmeregion-in-sittensen\/","url_meta":{"origin":1923,"position":0},"title":"Ahnenforschergruppe f\u00fcr die Oste- und W\u00fcmmeregion in Sittensen","author":"ahnenforscherbuxtehude","date":"29. Juli 2023","format":false,"excerpt":"Ahnenforschergruppe f\u00fcr die Oste- und W\u00fcmmeregion in Sittensen Die Ahnenforscher f\u00fcr die Oste- und W\u00fcmmeregion sindeine Gruppe, die sich regelm\u00e4\u00dfig am vorletzten Freitagim Monat im \"Haus der Vereine und Geschichte\" trifft. Immer am vorletzten Freitag (19-21 Uhr):Schee\u00dfeler Str. 1 in27419 Sittensen Sie kommen aus den Landkreisen ROW, SFA, STD, VER,\u2026","rel":"","context":"\u00c4hnlicher Beitrag","block_context":{"text":"\u00c4hnlicher Beitrag","link":""},"img":{"alt_text":"Haus der Vereine","src":"https:\/\/i0.wp.com\/web68688.ssd-space.de\/ahnenforscherbuxtehude.pfweb.eu\/wp-content\/uploads\/2023\/07\/Haus-der-Vereine-1-1024x681.jpg?resize=350%2C200&ssl=1","width":350,"height":200,"srcset":"https:\/\/i0.wp.com\/web68688.ssd-space.de\/ahnenforscherbuxtehude.pfweb.eu\/wp-content\/uploads\/2023\/07\/Haus-der-Vereine-1-1024x681.jpg?resize=350%2C200&ssl=1 1x, https:\/\/i0.wp.com\/web68688.ssd-space.de\/ahnenforscherbuxtehude.pfweb.eu\/wp-content\/uploads\/2023\/07\/Haus-der-Vereine-1-1024x681.jpg?resize=525%2C300&ssl=1 1.5x, https:\/\/i0.wp.com\/web68688.ssd-space.de\/ahnenforscherbuxtehude.pfweb.eu\/wp-content\/uploads\/2023\/07\/Haus-der-Vereine-1-1024x681.jpg?resize=700%2C400&ssl=1 2x"},"classes":[]},{"id":2767,"url":"https:\/\/web68688.ssd-space.de\/ahnenforscherbuxtehude.pfweb.eu\/familienforschung-niederelbe\/","url_meta":{"origin":1923,"position":1},"title":"FAMILIENFORSCHUNG Niederelbe","author":"ahnenforscherbuxtehude","date":"7. April 2025","format":false,"excerpt":"FAMILIENFORSCHUNG Niederelbe Wir treffen uns immer am ersten Dienstag des Monats um 19:00 Uhr zu einer gemeinsamen Videokonferenz.Sollten Sie Interesse haben, daran teilzunehmen, nehmen Sie gerne Kontakt zu uns auf. Wir senden Ihnen dann die Zugangsdaten zum n\u00e4chsten Online-Treffen.Ansprechpartner f\u00fcr Buxtehude:\u00a0Hauke Sumfleth Aktuelles \u00dcber uns N\u00fctzliche Links Rechtliches Auch wenn\u2026","rel":"","context":"\u00c4hnlicher Beitrag","block_context":{"text":"\u00c4hnlicher Beitrag","link":""},"img":{"alt_text":"","src":"https:\/\/web68688.ssd-space.de\/ahnenforscherbuxtehude.pfweb.eu\/wp-content\/uploads\/2025\/04\/Logo-Familienforschung-Niederelbe.svg","width":350,"height":200,"srcset":"https:\/\/web68688.ssd-space.de\/ahnenforscherbuxtehude.pfweb.eu\/wp-content\/uploads\/2025\/04\/Logo-Familienforschung-Niederelbe.svg 1x, https:\/\/web68688.ssd-space.de\/ahnenforscherbuxtehude.pfweb.eu\/wp-content\/uploads\/2025\/04\/Logo-Familienforschung-Niederelbe.svg 1.5x"},"classes":[]},{"id":67,"url":"https:\/\/web68688.ssd-space.de\/ahnenforscherbuxtehude.pfweb.eu\/weblinks\/","url_meta":{"origin":1923,"position":2},"title":"Weblinks","author":"ahnenforscherbuxtehude","date":"6. September 2018","format":false,"excerpt":"Einige unserer Mitforscher und Freunde betreiben eigene Webseiten, auf denen sie Informationen zur Ahnenforschung mitteilen, oder sie arbeiten an sogenannten \u00bbOrtsfamilienb\u00fcchern\u00ab mit. Hier eine kleine Auswahl: Ortsfamilienb\u00fccher Private Webseiten Sonstige n\u00fctzliche Links","rel":"","context":"\u00c4hnlicher Beitrag","block_context":{"text":"\u00c4hnlicher Beitrag","link":""},"img":{"alt_text":"","src":"","width":0,"height":0},"classes":[]},{"id":613,"url":"https:\/\/web68688.ssd-space.de\/ahnenforscherbuxtehude.pfweb.eu\/dokumente\/","url_meta":{"origin":1923,"position":3},"title":"Dokumente","author":"ahnenforscherbuxtehude","date":"30. Juli 2022","format":false,"excerpt":"Suche\/Biete Lesehilfe Transkribierte Dokumente","rel":"","context":"\u00c4hnlicher Beitrag","block_context":{"text":"\u00c4hnlicher Beitrag","link":""},"img":{"alt_text":"","src":"","width":0,"height":0},"classes":[]},{"id":871,"url":"https:\/\/web68688.ssd-space.de\/ahnenforscherbuxtehude.pfweb.eu\/","url_meta":{"origin":1923,"position":4},"title":"Ahnenforschergruppe Buxtehude","author":"ahnenforscherbuxtehude","date":"14. Januar 2023","format":false,"excerpt":"Die Buxtehuder Ahnenforschergruppe besteht aus begeisterten Hobby-Familienforschern (fast) jeden Alters aus den Landkreisen rund um Buxtehude. Wir treffen uns regelm\u00e4\u00dfig am letzten Sonntag im Monat.\u00a0(von Januar bis November) in der Begegnungsst\u00e4tte HoheluftStader Str. 1521614 Buxtehude immer ab 18:30 Uhr. \u00a0 Sie wollen wissen, wer Ihre Vorfahren waren? Wo und wie\u2026","rel":"","context":"Mit 4 Kommentaren","block_context":{"text":"Mit 4 Kommentaren","link":"https:\/\/web68688.ssd-space.de\/ahnenforscherbuxtehude.pfweb.eu\/#comments"},"img":{"alt_text":"","src":"","width":0,"height":0},"classes":[]},{"id":688,"url":"https:\/\/web68688.ssd-space.de\/ahnenforscherbuxtehude.pfweb.eu\/ueber\/","url_meta":{"origin":1923,"position":5},"title":"\u00dcber uns","author":"ahnenforscherbuxtehude","date":"29. August 2018","format":false,"excerpt":"Die Buxtehuder Ahnenforschergruppe besteht aus begeisterten Hobby-Familienforschern (fast) jeden Alters aus den Landkreisen rund um Buxtehude. Wir treffen uns regelm\u00e4\u00dfig am letzten Sonntag im Monat (von Januar bis November) in der Begegnungsst\u00e4tte Hoheluft Stader Str. 15 21614 Buxtehude immer ab 18:30 Uhr. Sie wollen wissen, wer Ihre Vorfahren waren? Wo\u2026","rel":"","context":"\u00c4hnlicher Beitrag","block_context":{"text":"\u00c4hnlicher Beitrag","link":""},"img":{"alt_text":"","src":"https:\/\/i0.wp.com\/web68688.ssd-space.de\/ahnenforscherbuxtehude.pfweb.eu\/wp-content\/uploads\/2018\/11\/buxtehtagebl260916.png?resize=350%2C200&ssl=1","width":350,"height":200,"srcset":"https:\/\/i0.wp.com\/web68688.ssd-space.de\/ahnenforscherbuxtehude.pfweb.eu\/wp-content\/uploads\/2018\/11\/buxtehtagebl260916.png?resize=350%2C200&ssl=1 1x, https:\/\/i0.wp.com\/web68688.ssd-space.de\/ahnenforscherbuxtehude.pfweb.eu\/wp-content\/uploads\/2018\/11\/buxtehtagebl260916.png?resize=525%2C300&ssl=1 1.5x, https:\/\/i0.wp.com\/web68688.ssd-space.de\/ahnenforscherbuxtehude.pfweb.eu\/wp-content\/uploads\/2018\/11\/buxtehtagebl260916.png?resize=700%2C400&ssl=1 2x, https:\/\/i0.wp.com\/web68688.ssd-space.de\/ahnenforscherbuxtehude.pfweb.eu\/wp-content\/uploads\/2018\/11\/buxtehtagebl260916.png?resize=1050%2C600&ssl=1 3x"},"classes":[]}],"jetpack_sharing_enabled":true,"_links":{"self":[{"href":"https:\/\/web68688.ssd-space.de\/ahnenforscherbuxtehude.pfweb.eu\/wp-json\/wp\/v2\/pages\/1923","targetHints":{"allow":["GET"]}}],"collection":[{"href":"https:\/\/web68688.ssd-space.de\/ahnenforscherbuxtehude.pfweb.eu\/wp-json\/wp\/v2\/pages"}],"about":[{"href":"https:\/\/web68688.ssd-space.de\/ahnenforscherbuxtehude.pfweb.eu\/wp-json\/wp\/v2\/types\/page"}],"author":[{"embeddable":true,"href":"https:\/\/web68688.ssd-space.de\/ahnenforscherbuxtehude.pfweb.eu\/wp-json\/wp\/v2\/users\/1"}],"replies":[{"embeddable":true,"href":"https:\/\/web68688.ssd-space.de\/ahnenforscherbuxtehude.pfweb.eu\/wp-json\/wp\/v2\/comments?post=1923"}],"version-history":[{"count":11,"href":"https:\/\/web68688.ssd-space.de\/ahnenforscherbuxtehude.pfweb.eu\/wp-json\/wp\/v2\/pages\/1923\/revisions"}],"predecessor-version":[{"id":2806,"href":"https:\/\/web68688.ssd-space.de\/ahnenforscherbuxtehude.pfweb.eu\/wp-json\/wp\/v2\/pages\/1923\/revisions\/2806"}],"wp:attachment":[{"href":"https:\/\/web68688.ssd-space.de\/ahnenforscherbuxtehude.pfweb.eu\/wp-json\/wp\/v2\/media?parent=1923"}],"wp:term":[{"taxonomy":"post_tag","embeddable":true,"href":"https:\/\/web68688.ssd-space.de\/ahnenforscherbuxtehude.pfweb.eu\/wp-json\/wp\/v2\/tags?post=1923"}],"curies":[{"name":"wp","href":"https:\/\/api.w.org\/{rel}","templated":true}]}}